{"id":1967,"date":"2024-08-25T22:59:50","date_gmt":"2024-08-25T20:59:50","guid":{"rendered":"http:\/\/chateau-de-batz.com\/?page_id=1967"},"modified":"2026-04-15T10:26:22","modified_gmt":"2026-04-15T08:26:22","slug":"equestrian-holidays","status":"publish","type":"page","link":"https:\/\/chateau-de-batz.com\/en\/nos-sejours\/sejours-equestres\/","title":{"rendered":"Equestrian stays"},"content":{"rendered":"<div data-elementor-type=\"wp-page\" data-elementor-id=\"1967\" class=\"elementor elementor-1967\" data-elementor-post-type=\"page\">\n\t\t\t\t<div class=\"elementor-element elementor-element-b9598c6 e-con-full e-flex e-con e-parent\" data-id=\"b9598c6\" data-element_type=\"container\" data-e-type=\"container\" data-settings=\"{&quot;background_background&quot;:&quot;classic&quot;,&quot;animation&quot;:&quot;none&quot;,&quot;jet_parallax_layout_list&quot;:[]}\">\n\t\t<div class=\"elementor-element elementor-element-5979715 e-con-full e-flex e-con e-child\" data-id=\"5979715\" data-element_type=\"container\" data-e-type=\"container\" data-settings=\"{&quot;jet_parallax_layout_list&quot;:[]}\">\n\t\t\t\t<div class=\"elementor-element elementor-element-098629d elementor-widget elementor-widget-heading\" data-id=\"098629d\" data-element_type=\"widget\" data-e-type=\"widget\" data-widget_type=\"heading.default\">\n\t\t\t\t<div class=\"elementor-widget-container\">\n\t\t\t\t\t<h1 class=\"elementor-heading-title elementor-size-default\">Equestrian stays<\/h1>\t\t\t\t<\/div>\n\t\t\t\t<\/div>\n\t\t\t\t<\/div>\n\t\t\t\t<\/div>\n\t\t<div class=\"elementor-element elementor-element-a6de987 e-con-full e-flex e-con e-parent\" data-id=\"a6de987\" data-element_type=\"container\" data-e-type=\"container\" data-settings=\"{&quot;jet_parallax_layout_list&quot;:[]}\">\n\t\t<div class=\"elementor-element elementor-element-b3dd55d e-con-full e-flex e-con e-child\" data-id=\"b3dd55d\" data-element_type=\"container\" data-e-type=\"container\" data-settings=\"{&quot;jet_parallax_layout_list&quot;:[]}\">\n\t\t<div class=\"elementor-element elementor-element-d6aa698 e-con-full e-flex e-con e-child\" data-id=\"d6aa698\" data-element_type=\"container\" data-e-type=\"container\" data-settings=\"{&quot;jet_parallax_layout_list&quot;:[]}\">\n\t\t\t\t<div class=\"elementor-element elementor-element-7a594a3 elementor-widget elementor-widget-text-editor\" data-id=\"7a594a3\" data-element_type=\"widget\" data-e-type=\"widget\" data-widget_type=\"text-editor.default\">\n\t\t\t\t<div class=\"elementor-widget-container\">\n\t\t\t\t\t\t\t\t\t<p>Come with your horse and enjoy the exceptional setting. Satisfy your taste for horse riding on a diversified territory of fields, woods and dirt trails dotted with superb viewpoints.<\/p><p>The stay includes free access to the 200-hectare park as well as stabling and food for your horse.<\/p><p><strong>Area of the private property: <\/strong>200 hectares<\/p>\t\t\t\t\t\t\t\t<\/div>\n\t\t\t\t<\/div>\n\t\t\t\t<\/div>\n\t\t\t\t<\/div>\n\t\t\t\t<\/div>\n\t\t<div class=\"elementor-element elementor-element-8ad2edc e-con-full e-flex e-con e-parent\" data-id=\"8ad2edc\" data-element_type=\"container\" data-e-type=\"container\" data-settings=\"{&quot;jet_parallax_layout_list&quot;:[],&quot;background_background&quot;:&quot;classic&quot;}\">\n\t\t<div class=\"elementor-element elementor-element-753bc7d e-con-full e-flex e-con e-child\" data-id=\"753bc7d\" data-element_type=\"container\" data-e-type=\"container\" data-settings=\"{&quot;jet_parallax_layout_list&quot;:[]}\">\n\t\t<div class=\"elementor-element elementor-element-59d0e54 e-con-full e-flex e-con e-child\" data-id=\"59d0e54\" data-element_type=\"container\" data-e-type=\"container\" data-settings=\"{&quot;jet_parallax_layout_list&quot;:[]}\">\n\t\t\t\t<div class=\"elementor-element elementor-element-423c02d elementor-widget elementor-widget-heading\" data-id=\"423c02d\" data-element_type=\"widget\" data-e-type=\"widget\" data-widget_type=\"heading.default\">\n\t\t\t\t<div class=\"elementor-widget-container\">\n\t\t\t\t\t<h3 class=\"elementor-heading-title elementor-size-default\">Rates\n\n<\/h3>\t\t\t\t<\/div>\n\t\t\t\t<\/div>\n\t\t\t\t<div class=\"elementor-element elementor-element-a718317 elementor-widget elementor-widget-heading\" data-id=\"a718317\" data-element_type=\"widget\" data-e-type=\"widget\" data-widget_type=\"heading.default\">\n\t\t\t\t<div class=\"elementor-widget-container\">\n\t\t\t\t\t<p class=\"elementor-heading-title elementor-size-default\">150 \u20ac deposit<\/p>\t\t\t\t<\/div>\n\t\t\t\t<\/div>\n\t\t\t\t<div class=\"elementor-element elementor-element-1dd42df elementor-icon-list--layout-traditional elementor-list-item-link-full_width elementor-widget elementor-widget-icon-list\" data-id=\"1dd42df\" data-element_type=\"widget\" data-e-type=\"widget\" data-widget_type=\"icon-list.default\">\n\t\t\t\t<div class=\"elementor-widget-container\">\n\t\t\t\t\t\t\t<ul class=\"elementor-icon-list-items\">\n\t\t\t\t\t\t\t<li class=\"elementor-icon-list-item\">\n\t\t\t\t\t\t\t\t\t\t\t<span class=\"elementor-icon-list-icon\">\n\t\t\t\t\t\t\t<i aria-hidden=\"true\" class=\"fas fa-chevron-right\"><\/i>\t\t\t\t\t\t<\/span>\n\t\t\t\t\t\t\t\t\t\t<span class=\"elementor-icon-list-text\"><b>480 \u20ac incl. VAT \/ rider :<\/b> 2 nights, 2 breakfasts + 4 meals including 1 gourmet dinner<\/span>\n\t\t\t\t\t\t\t\t\t<\/li>\n\t\t\t\t\t\t\t\t<li class=\"elementor-icon-list-item\">\n\t\t\t\t\t\t\t\t\t\t\t<span class=\"elementor-icon-list-icon\">\n\t\t\t\t\t\t\t<i aria-hidden=\"true\" class=\"fas fa-chevron-right\"><\/i>\t\t\t\t\t\t<\/span>\n\t\t\t\t\t\t\t\t\t\t<span class=\"elementor-icon-list-text\"><b>280 incl. VAT \/ accompanying person<\/b> non-rider sharing the room (2 nights)<\/span>\n\t\t\t\t\t\t\t\t\t<\/li>\n\t\t\t\t\t\t<\/ul>\n\t\t\t\t\t\t<\/div>\n\t\t\t\t<\/div>\n\t\t\t\t<div class=\"elementor-element elementor-element-4aa989e elementor-widget elementor-widget-button\" data-id=\"4aa989e\" data-element_type=\"widget\" data-e-type=\"widget\" data-widget_type=\"button.default\">\n\t\t\t\t<div class=\"elementor-widget-container\">\n\t\t\t\t\t\t\t\t\t<div class=\"elementor-button-wrapper\">\n\t\t\t\t\t<a class=\"elementor-button elementor-button-link elementor-size-sm\" href=\"http:\/\/chateau-de-batz.com\/en\/contact-us\/\">\n\t\t\t\t\t\t<span class=\"elementor-button-content-wrapper\">\n\t\t\t\t\t\t\t\t\t<span class=\"elementor-button-text\">Contact us<\/span>\n\t\t\t\t\t<\/span>\n\t\t\t\t\t<\/a>\n\t\t\t\t<\/div>\n\t\t\t\t\t\t\t\t<\/div>\n\t\t\t\t<\/div>\n\t\t\t\t<\/div>\n\t\t\t\t<\/div>\n\t\t\t\t<\/div>\n\t\t<div class=\"elementor-element elementor-element-b11bd8e e-con-full e-flex e-con e-parent\" data-id=\"b11bd8e\" data-element_type=\"container\" data-e-type=\"container\" data-settings=\"{&quot;jet_parallax_layout_list&quot;:[]}\">\n\t\t<div class=\"elementor-element elementor-element-b2bda59 e-con-full e-flex e-con e-child\" data-id=\"b2bda59\" data-element_type=\"container\" data-e-type=\"container\" data-settings=\"{&quot;jet_parallax_layout_list&quot;:[]}\">\n\t\t<div class=\"elementor-element elementor-element-4ee8989 e-con-full e-flex e-con e-child\" data-id=\"4ee8989\" data-element_type=\"container\" data-e-type=\"container\" data-settings=\"{&quot;jet_parallax_layout_list&quot;:[]}\">\n\t\t\t\t<div class=\"elementor-element elementor-element-9a72fcc elementor-skin-carousel elementor-arrows-yes elementor-widget elementor-widget-media-carousel\" data-id=\"9a72fcc\" data-element_type=\"widget\" data-e-type=\"widget\" data-settings=\"{&quot;slides_per_view&quot;:&quot;4&quot;,&quot;slides_to_scroll&quot;:&quot;1&quot;,&quot;autoplay_speed&quot;:2000,&quot;space_between&quot;:{&quot;unit&quot;:&quot;px&quot;,&quot;size&quot;:20,&quot;sizes&quot;:[]},&quot;skin&quot;:&quot;carousel&quot;,&quot;effect&quot;:&quot;slide&quot;,&quot;show_arrows&quot;:&quot;yes&quot;,&quot;speed&quot;:500,&quot;autoplay&quot;:&quot;yes&quot;,&quot;loop&quot;:&quot;yes&quot;,&quot;pause_on_hover&quot;:&quot;yes&quot;,&quot;pause_on_interaction&quot;:&quot;yes&quot;,&quot;space_between_tablet&quot;:{&quot;unit&quot;:&quot;px&quot;,&quot;size&quot;:10,&quot;sizes&quot;:[]},&quot;space_between_mobile&quot;:{&quot;unit&quot;:&quot;px&quot;,&quot;size&quot;:10,&quot;sizes&quot;:[]}}\" data-widget_type=\"media-carousel.default\">\n\t\t\t\t<div class=\"elementor-widget-container\">\n\t\t\t\t\t\t\t\t\t<div class=\"elementor-swiper\">\n\t\t\t\t\t<div class=\"elementor-main-swiper swiper\" role=\"region\" aria-roledescription=\"carousel\" aria-label=\"Slides\">\n\t\t\t\t<div class=\"swiper-wrapper\">\n\t\t\t\t\t\t\t\t\t\t\t<div class=\"swiper-slide\" role=\"group\" aria-roledescription=\"slide\">\n\t\t\t\t\t\t\t<a href=\"http:\/\/chateau-de-batz.com\/wp-content\/uploads\/2024\/05\/Batz-1-scaled.jpg\" data-elementor-open-lightbox=\"yes\" data-elementor-lightbox-slideshow=\"9a72fcc\" data-e-action-hash=\"#elementor-action%3Aaction%3Dlightbox%26settings%3DeyJpZCI6MTI0NCwidXJsIjoiaHR0cHM6XC9cL2NoYXRlYXUtZGUtYmF0ei5jb21cL3dwLWNvbnRlbnRcL3VwbG9hZHNcLzIwMjRcLzA1XC9CYXR6LTEtc2NhbGVkLmpwZyIsInNsaWRlc2hvdyI6IjlhNzJmY2MifQ%3D%3D\">\t\t<div class=\"elementor-carousel-image\" role=\"img\" aria-label=\"photo box 1\" style=\"background-image: url(&#039;https:\/\/chateau-de-batz.com\/wp-content\/uploads\/2024\/05\/Batz-1-scaled.jpg&#039;)\">\n\n\t\t\t\n\t\t\t\t\t<\/div>\n\t\t<\/a>\t\t\t\t\t\t<\/div>\n\t\t\t\t\t\t\t\t\t\t\t<div class=\"swiper-slide\" role=\"group\" aria-roledescription=\"slide\">\n\t\t\t\t\t\t\t<a href=\"http:\/\/chateau-de-batz.com\/wp-content\/uploads\/2024\/07\/IMG_7683-scaled.jpeg\" data-elementor-open-lightbox=\"yes\" data-elementor-lightbox-slideshow=\"9a72fcc\" data-e-action-hash=\"#elementor-action%3Aaction%3Dlightbox%26settings%3DeyJpZCI6MTYxMCwidXJsIjoiaHR0cHM6XC9cL2NoYXRlYXUtZGUtYmF0ei5jb21cL3dwLWNvbnRlbnRcL3VwbG9hZHNcLzIwMjRcLzA3XC9JTUdfNzY4My1zY2FsZWQuanBlZyIsInNsaWRlc2hvdyI6IjlhNzJmY2MifQ%3D%3D\">\t\t<div class=\"elementor-carousel-image\" role=\"img\" aria-label=\"horse 7\" style=\"background-image: url(&#039;https:\/\/chateau-de-batz.com\/wp-content\/uploads\/2024\/07\/IMG_7683-scaled.jpeg&#039;)\">\n\n\t\t\t\n\t\t\t\t\t<\/div>\n\t\t<\/a>\t\t\t\t\t\t<\/div>\n\t\t\t\t\t\t\t\t\t\t\t<div class=\"swiper-slide\" role=\"group\" aria-roledescription=\"slide\">\n\t\t\t\t\t\t\t<a href=\"http:\/\/chateau-de-batz.com\/wp-content\/uploads\/2024\/07\/IMG_7684-scaled.jpeg\" data-elementor-open-lightbox=\"yes\" data-elementor-lightbox-slideshow=\"9a72fcc\" data-e-action-hash=\"#elementor-action%3Aaction%3Dlightbox%26settings%3DeyJpZCI6MTYxMSwidXJsIjoiaHR0cHM6XC9cL2NoYXRlYXUtZGUtYmF0ei5jb21cL3dwLWNvbnRlbnRcL3VwbG9hZHNcLzIwMjRcLzA3XC9JTUdfNzY4NC1zY2FsZWQuanBlZyIsInNsaWRlc2hvdyI6IjlhNzJmY2MifQ%3D%3D\">\t\t<div class=\"elementor-carousel-image\" role=\"img\" aria-label=\"horse 6\" style=\"background-image: url(&#039;https:\/\/chateau-de-batz.com\/wp-content\/uploads\/2024\/07\/IMG_7684-scaled.jpeg&#039;)\">\n\n\t\t\t\n\t\t\t\t\t<\/div>\n\t\t<\/a>\t\t\t\t\t\t<\/div>\n\t\t\t\t\t\t\t\t\t\t\t<div class=\"swiper-slide\" role=\"group\" aria-roledescription=\"slide\">\n\t\t\t\t\t\t\t<a href=\"http:\/\/chateau-de-batz.com\/wp-content\/uploads\/2024\/07\/dbc69e20-74f5-48a0-84c6-b863754d7c06.jpeg\" data-elementor-open-lightbox=\"yes\" data-elementor-lightbox-slideshow=\"9a72fcc\" data-e-action-hash=\"#elementor-action%3Aaction%3Dlightbox%26settings%3DeyJpZCI6MTU4OSwidXJsIjoiaHR0cHM6XC9cL2NoYXRlYXUtZGUtYmF0ei5jb21cL3dwLWNvbnRlbnRcL3VwbG9hZHNcLzIwMjRcLzA3XC9kYmM2OWUyMC03NGY1LTQ4YTAtODRjNi1iODYzNzU0ZDdjMDYuanBlZyIsInNsaWRlc2hvdyI6IjlhNzJmY2MifQ%3D%3D\">\t\t<div class=\"elementor-carousel-image\" role=\"img\" aria-label=\"horse 1\" style=\"background-image: url(&#039;https:\/\/chateau-de-batz.com\/wp-content\/uploads\/2024\/07\/dbc69e20-74f5-48a0-84c6-b863754d7c06.jpeg&#039;)\">\n\n\t\t\t\n\t\t\t\t\t<\/div>\n\t\t<\/a>\t\t\t\t\t\t<\/div>\n\t\t\t\t\t\t\t\t\t\t\t<div class=\"swiper-slide\" role=\"group\" aria-roledescription=\"slide\">\n\t\t\t\t\t\t\t<a href=\"http:\/\/chateau-de-batz.com\/wp-content\/uploads\/2024\/05\/Batz-31-scaled.jpg\" data-elementor-open-lightbox=\"yes\" data-elementor-lightbox-slideshow=\"9a72fcc\" data-e-action-hash=\"#elementor-action%3Aaction%3Dlightbox%26settings%3DeyJpZCI6MTI3MywidXJsIjoiaHR0cHM6XC9cL2NoYXRlYXUtZGUtYmF0ei5jb21cL3dwLWNvbnRlbnRcL3VwbG9hZHNcLzIwMjRcLzA1XC9CYXR6LTMxLXNjYWxlZC5qcGciLCJzbGlkZXNob3ciOiI5YTcyZmNjIn0%3D\">\t\t<div class=\"elementor-carousel-image\" role=\"img\" aria-label=\"horse 5\" style=\"background-image: url(&#039;https:\/\/chateau-de-batz.com\/wp-content\/uploads\/2024\/05\/Batz-31-scaled.jpg&#039;)\">\n\n\t\t\t\n\t\t\t\t\t<\/div>\n\t\t<\/a>\t\t\t\t\t\t<\/div>\n\t\t\t\t\t\t\t\t\t\t\t<div class=\"swiper-slide\" role=\"group\" aria-roledescription=\"slide\">\n\t\t\t\t\t\t\t<a href=\"http:\/\/chateau-de-batz.com\/wp-content\/uploads\/2024\/07\/IMG_7680-scaled.jpeg\" data-elementor-open-lightbox=\"yes\" data-elementor-lightbox-slideshow=\"9a72fcc\" data-e-action-hash=\"#elementor-action%3Aaction%3Dlightbox%26settings%3DeyJpZCI6MTYwOCwidXJsIjoiaHR0cHM6XC9cL2NoYXRlYXUtZGUtYmF0ei5jb21cL3dwLWNvbnRlbnRcL3VwbG9hZHNcLzIwMjRcLzA3XC9JTUdfNzY4MC1zY2FsZWQuanBlZyIsInNsaWRlc2hvdyI6IjlhNzJmY2MifQ%3D%3D\">\t\t<div class=\"elementor-carousel-image\" role=\"img\" aria-label=\"horse 8\" style=\"background-image: url(&#039;https:\/\/chateau-de-batz.com\/wp-content\/uploads\/2024\/07\/IMG_7680-scaled.jpeg&#039;)\">\n\n\t\t\t\n\t\t\t\t\t<\/div>\n\t\t<\/a>\t\t\t\t\t\t<\/div>\n\t\t\t\t\t\t\t\t\t\t\t<div class=\"swiper-slide\" role=\"group\" aria-roledescription=\"slide\">\n\t\t\t\t\t\t\t<a href=\"http:\/\/chateau-de-batz.com\/wp-content\/uploads\/2024\/07\/IMG_7682-scaled.jpeg\" data-elementor-open-lightbox=\"yes\" data-elementor-lightbox-slideshow=\"9a72fcc\" data-e-action-hash=\"#elementor-action%3Aaction%3Dlightbox%26settings%3DeyJpZCI6MTYwOSwidXJsIjoiaHR0cHM6XC9cL2NoYXRlYXUtZGUtYmF0ei5jb21cL3dwLWNvbnRlbnRcL3VwbG9hZHNcLzIwMjRcLzA3XC9JTUdfNzY4Mi1zY2FsZWQuanBlZyIsInNsaWRlc2hvdyI6IjlhNzJmY2MifQ%3D%3D\">\t\t<div class=\"elementor-carousel-image\" role=\"img\" aria-label=\"IMG_7682\" style=\"background-image: url(&#039;https:\/\/chateau-de-batz.com\/wp-content\/uploads\/2024\/07\/IMG_7682-scaled.jpeg&#039;)\">\n\n\t\t\t\n\t\t\t\t\t<\/div>\n\t\t<\/a>\t\t\t\t\t\t<\/div>\n\t\t\t\t\t\t\t\t\t\t\t<div class=\"swiper-slide\" role=\"group\" aria-roledescription=\"slide\">\n\t\t\t\t\t\t\t<a href=\"http:\/\/chateau-de-batz.com\/wp-content\/uploads\/2024\/07\/IMG_7679-scaled.jpeg\" data-elementor-open-lightbox=\"yes\" data-elementor-lightbox-slideshow=\"9a72fcc\" data-e-action-hash=\"#elementor-action%3Aaction%3Dlightbox%26settings%3DeyJpZCI6MTYwNywidXJsIjoiaHR0cHM6XC9cL2NoYXRlYXUtZGUtYmF0ei5jb21cL3dwLWNvbnRlbnRcL3VwbG9hZHNcLzIwMjRcLzA3XC9JTUdfNzY3OS1zY2FsZWQuanBlZyIsInNsaWRlc2hvdyI6IjlhNzJmY2MifQ%3D%3D\">\t\t<div class=\"elementor-carousel-image\" role=\"img\" aria-label=\"IMG_7679\" style=\"background-image: url(&#039;https:\/\/chateau-de-batz.com\/wp-content\/uploads\/2024\/07\/IMG_7679-scaled.jpeg&#039;)\">\n\n\t\t\t\n\t\t\t\t\t<\/div>\n\t\t<\/a>\t\t\t\t\t\t<\/div>\n\t\t\t\t\t\t\t\t\t\t\t<div class=\"swiper-slide\" role=\"group\" aria-roledescription=\"slide\">\n\t\t\t\t\t\t\t<a href=\"http:\/\/chateau-de-batz.com\/wp-content\/uploads\/2024\/05\/Batz-29-scaled.jpg\" data-elementor-open-lightbox=\"yes\" data-elementor-lightbox-slideshow=\"9a72fcc\" data-e-action-hash=\"#elementor-action%3Aaction%3Dlightbox%26settings%3DeyJpZCI6MTI3MSwidXJsIjoiaHR0cHM6XC9cL2NoYXRlYXUtZGUtYmF0ei5jb21cL3dwLWNvbnRlbnRcL3VwbG9hZHNcLzIwMjRcLzA1XC9CYXR6LTI5LXNjYWxlZC5qcGciLCJzbGlkZXNob3ciOiI5YTcyZmNjIn0%3D\">\t\t<div class=\"elementor-carousel-image\" role=\"img\" aria-label=\"horse 4\" style=\"background-image: url(&#039;https:\/\/chateau-de-batz.com\/wp-content\/uploads\/2024\/05\/Batz-29-scaled.jpg&#039;)\">\n\n\t\t\t\n\t\t\t\t\t<\/div>\n\t\t<\/a>\t\t\t\t\t\t<\/div>\n\t\t\t\t\t\t\t\t\t\t\t<div class=\"swiper-slide\" role=\"group\" aria-roledescription=\"slide\">\n\t\t\t\t\t\t\t<a href=\"http:\/\/chateau-de-batz.com\/wp-content\/uploads\/2024\/05\/Batz-34-scaled.jpg\" data-elementor-open-lightbox=\"yes\" data-elementor-lightbox-slideshow=\"9a72fcc\" data-e-action-hash=\"#elementor-action%3Aaction%3Dlightbox%26settings%3DeyJpZCI6MTI3NiwidXJsIjoiaHR0cHM6XC9cL2NoYXRlYXUtZGUtYmF0ei5jb21cL3dwLWNvbnRlbnRcL3VwbG9hZHNcLzIwMjRcLzA1XC9CYXR6LTM0LXNjYWxlZC5qcGciLCJzbGlkZXNob3ciOiI5YTcyZmNjIn0%3D\">\t\t<div class=\"elementor-carousel-image\" role=\"img\" aria-label=\"drone view chateau batz 2\" style=\"background-image: url(&#039;https:\/\/chateau-de-batz.com\/wp-content\/uploads\/2024\/05\/Batz-34-scaled.jpg&#039;)\">\n\n\t\t\t\n\t\t\t\t\t<\/div>\n\t\t<\/a>\t\t\t\t\t\t<\/div>\n\t\t\t\t\t\t\t\t\t\t\t<div class=\"swiper-slide\" role=\"group\" aria-roledescription=\"slide\">\n\t\t\t\t\t\t\t<a href=\"http:\/\/chateau-de-batz.com\/wp-content\/uploads\/2024\/03\/cheval.jpg\" data-elementor-open-lightbox=\"yes\" data-elementor-lightbox-slideshow=\"9a72fcc\" data-e-action-hash=\"#elementor-action%3Aaction%3Dlightbox%26settings%3DeyJpZCI6NzA4LCJ1cmwiOiJodHRwczpcL1wvY2hhdGVhdS1kZS1iYXR6LmNvbVwvd3AtY29udGVudFwvdXBsb2Fkc1wvMjAyNFwvMDNcL2NoZXZhbC5qcGciLCJzbGlkZXNob3ciOiI5YTcyZmNjIn0%3D\">\t\t<div class=\"elementor-carousel-image\" role=\"img\" aria-label=\"horse\" style=\"background-image: url(&#039;https:\/\/chateau-de-batz.com\/wp-content\/uploads\/2024\/03\/cheval.jpg&#039;)\">\n\n\t\t\t\n\t\t\t\t\t<\/div>\n\t\t<\/a>\t\t\t\t\t\t<\/div>\n\t\t\t\t\t\t\t\t\t<\/div>\n\t\t\t\t\t\t\t\t\t\t\t\t\t\t\t<div class=\"elementor-swiper-button elementor-swiper-button-prev\" role=\"button\" tabindex=\"0\" aria-label=\"Previous\">\n\t\t\t\t\t\t\t<i aria-hidden=\"true\" class=\"eicon-chevron-left\"><\/i>\t\t\t\t\t\t<\/div>\n\t\t\t\t\t\t<div class=\"elementor-swiper-button elementor-swiper-button-next\" role=\"button\" tabindex=\"0\" aria-label=\"Next\">\n\t\t\t\t\t\t\t<i aria-hidden=\"true\" class=\"eicon-chevron-right\"><\/i>\t\t\t\t\t\t<\/div>\n\t\t\t\t\t\t\t\t\t\t\t\t\t\t\t\t\t<\/div>\n\t\t\t\t<\/div>\n\t\t\t\t\t\t\t\t<\/div>\n\t\t\t\t<\/div>\n\t\t\t\t<\/div>\n\t\t\t\t<\/div>\n\t\t\t\t<\/div>\n\t\t\t\t<\/div>","protected":false},"excerpt":{"rendered":"<p>Venez avec votre cheval pour profiter d\u2019un cadre exceptionnel et satisfaire votre go\u00fbt pour la randonn\u00e9e \u00e9questre sur un territoire vari\u00e9 de champs, bois, et sentiers ponctu\u00e9s de superbes points de vue. Le s\u00e9jour comprend le libre acc\u00e8s au parc de 200 hectares ainsi que le box et la nourriture pour votre cheval. Superficie de [&hellip;]<\/p>\n","protected":false},"author":2,"featured_media":0,"parent":1477,"menu_order":0,"comment_status":"closed","ping_status":"closed","template":"elementor_header_footer","meta":{"footnotes":""},"class_list":["post-1967","page","type-page","status-publish","hentry"],"yoast_head":"<!-- This site is optimized with the Yoast SEO plugin v27.4 - https:\/\/yoast.com\/product\/yoast-seo-wordpress\/ -->\n<title>S\u00e9jours \u00e9questres - Ch\u00e2teau de Batz - Chambres d&#039;h\u00f4tes<\/title>\n<meta name=\"robots\" content=\"index, follow, max-snippet:-1, max-image-preview:large, max-video-preview:-1\" \/>\n<link rel=\"canonical\" href=\"https:\/\/chateau-de-batz.com\/en\/our-stays\/equestrian-holidays\/\" \/>\n<meta property=\"og:locale\" content=\"en_GB\" \/>\n<meta property=\"og:type\" content=\"article\" \/>\n<meta property=\"og:title\" content=\"S\u00e9jours \u00e9questres - Ch\u00e2teau de Batz - Chambres d&#039;h\u00f4tes\" \/>\n<meta property=\"og:description\" content=\"Venez avec votre cheval pour profiter d\u2019un cadre exceptionnel et satisfaire votre go\u00fbt pour la randonn\u00e9e \u00e9questre sur un territoire vari\u00e9 de champs, bois, et sentiers ponctu\u00e9s de superbes points de vue. Le s\u00e9jour comprend le libre acc\u00e8s au parc de 200 hectares ainsi que le box et la nourriture pour votre cheval. Superficie de [&hellip;]\" \/>\n<meta property=\"og:url\" content=\"https:\/\/chateau-de-batz.com\/en\/our-stays\/equestrian-holidays\/\" \/>\n<meta property=\"og:site_name\" content=\"Ch\u00e2teau de Batz - Chambres d&#039;h\u00f4tes\" \/>\n<meta property=\"article:modified_time\" content=\"2026-04-15T08:26:22+00:00\" \/>\n<meta name=\"twitter:card\" content=\"summary_large_image\" \/>\n<meta name=\"twitter:label1\" content=\"Estimated reading time\" \/>\n\t<meta name=\"twitter:data1\" content=\"1 minute\" \/>\n<script type=\"application\/ld+json\" class=\"yoast-schema-graph\">{\"@context\":\"https:\\\/\\\/schema.org\",\"@graph\":[{\"@type\":\"WebPage\",\"@id\":\"https:\\\/\\\/chateau-de-batz.com\\\/nos-sejours\\\/sejours-equestres\\\/\",\"url\":\"https:\\\/\\\/chateau-de-batz.com\\\/nos-sejours\\\/sejours-equestres\\\/\",\"name\":\"S\u00e9jours \u00e9questres - Ch\u00e2teau de Batz - Chambres d&#039;h\u00f4tes\",\"isPartOf\":{\"@id\":\"https:\\\/\\\/chateau-de-batz.com\\\/#website\"},\"datePublished\":\"2024-08-25T20:59:50+00:00\",\"dateModified\":\"2026-04-15T08:26:22+00:00\",\"breadcrumb\":{\"@id\":\"https:\\\/\\\/chateau-de-batz.com\\\/nos-sejours\\\/sejours-equestres\\\/#breadcrumb\"},\"inLanguage\":\"en-GB\",\"potentialAction\":[{\"@type\":\"ReadAction\",\"target\":[\"https:\\\/\\\/chateau-de-batz.com\\\/nos-sejours\\\/sejours-equestres\\\/\"]}]},{\"@type\":\"BreadcrumbList\",\"@id\":\"https:\\\/\\\/chateau-de-batz.com\\\/nos-sejours\\\/sejours-equestres\\\/#breadcrumb\",\"itemListElement\":[{\"@type\":\"ListItem\",\"position\":1,\"name\":\"Home\",\"item\":\"https:\\\/\\\/chateau-de-batz.com\\\/\"},{\"@type\":\"ListItem\",\"position\":2,\"name\":\"Nos s\u00e9jours\",\"item\":\"https:\\\/\\\/chateau-de-batz.com\\\/nos-sejours\\\/\"},{\"@type\":\"ListItem\",\"position\":3,\"name\":\"S\u00e9jours \u00e9questres\"}]},{\"@type\":\"WebSite\",\"@id\":\"https:\\\/\\\/chateau-de-batz.com\\\/#website\",\"url\":\"https:\\\/\\\/chateau-de-batz.com\\\/\",\"name\":\"Ch\u00e2teau de Batz - Chambres d&#039;h\u00f4tes\",\"description\":\"Le ch\u00e2teau qui vit au rythme de vos passions\",\"publisher\":{\"@id\":\"https:\\\/\\\/chateau-de-batz.com\\\/#organization\"},\"potentialAction\":[{\"@type\":\"SearchAction\",\"target\":{\"@type\":\"EntryPoint\",\"urlTemplate\":\"https:\\\/\\\/chateau-de-batz.com\\\/?s={search_term_string}\"},\"query-input\":{\"@type\":\"PropertyValueSpecification\",\"valueRequired\":true,\"valueName\":\"search_term_string\"}}],\"inLanguage\":\"en-GB\"},{\"@type\":\"Organization\",\"@id\":\"https:\\\/\\\/chateau-de-batz.com\\\/#organization\",\"name\":\"Ch\u00e2teau de Batz - Chambres d&#039;h\u00f4tes\",\"url\":\"https:\\\/\\\/chateau-de-batz.com\\\/\",\"logo\":{\"@type\":\"ImageObject\",\"inLanguage\":\"en-GB\",\"@id\":\"https:\\\/\\\/chateau-de-batz.com\\\/#\\\/schema\\\/logo\\\/image\\\/\",\"url\":\"https:\\\/\\\/chateau-de-batz.com\\\/wp-content\\\/uploads\\\/2024\\\/03\\\/cropped-cropped-logo_vectorise_chateau_de_batz-removebg-highdef-2.png\",\"contentUrl\":\"https:\\\/\\\/chateau-de-batz.com\\\/wp-content\\\/uploads\\\/2024\\\/03\\\/cropped-cropped-logo_vectorise_chateau_de_batz-removebg-highdef-2.png\",\"width\":1280,\"height\":1250,\"caption\":\"Ch\u00e2teau de Batz - Chambres d&#039;h\u00f4tes\"},\"image\":{\"@id\":\"https:\\\/\\\/chateau-de-batz.com\\\/#\\\/schema\\\/logo\\\/image\\\/\"}}]}<\/script>\n<!-- \/ Yoast SEO plugin. -->","yoast_head_json":{"title":"Equestrian breaks - Ch\u00e2teau de Batz - Bed and breakfast","robots":{"index":"index","follow":"follow","max-snippet":"max-snippet:-1","max-image-preview":"max-image-preview:large","max-video-preview":"max-video-preview:-1"},"canonical":"https:\/\/chateau-de-batz.com\/en\/our-stays\/equestrian-holidays\/","og_locale":"en_GB","og_type":"article","og_title":"S\u00e9jours \u00e9questres - Ch\u00e2teau de Batz - Chambres d&#039;h\u00f4tes","og_description":"Venez avec votre cheval pour profiter d\u2019un cadre exceptionnel et satisfaire votre go\u00fbt pour la randonn\u00e9e \u00e9questre sur un territoire vari\u00e9 de champs, bois, et sentiers ponctu\u00e9s de superbes points de vue. Le s\u00e9jour comprend le libre acc\u00e8s au parc de 200 hectares ainsi que le box et la nourriture pour votre cheval. Superficie de [&hellip;]","og_url":"https:\/\/chateau-de-batz.com\/en\/our-stays\/equestrian-holidays\/","og_site_name":"Ch\u00e2teau de Batz - Chambres d&#039;h\u00f4tes","article_modified_time":"2026-04-15T08:26:22+00:00","twitter_card":"summary_large_image","twitter_misc":{"Estimated reading time":"1 minute"},"schema":{"@context":"https:\/\/schema.org","@graph":[{"@type":"WebPage","@id":"https:\/\/chateau-de-batz.com\/nos-sejours\/sejours-equestres\/","url":"https:\/\/chateau-de-batz.com\/nos-sejours\/sejours-equestres\/","name":"Equestrian breaks - Ch\u00e2teau de Batz - Bed and breakfast","isPartOf":{"@id":"https:\/\/chateau-de-batz.com\/#website"},"datePublished":"2024-08-25T20:59:50+00:00","dateModified":"2026-04-15T08:26:22+00:00","breadcrumb":{"@id":"https:\/\/chateau-de-batz.com\/nos-sejours\/sejours-equestres\/#breadcrumb"},"inLanguage":"en-GB","potentialAction":[{"@type":"ReadAction","target":["https:\/\/chateau-de-batz.com\/nos-sejours\/sejours-equestres\/"]}]},{"@type":"BreadcrumbList","@id":"https:\/\/chateau-de-batz.com\/nos-sejours\/sejours-equestres\/#breadcrumb","itemListElement":[{"@type":"ListItem","position":1,"name":"Home","item":"https:\/\/chateau-de-batz.com\/"},{"@type":"ListItem","position":2,"name":"Nos s\u00e9jours","item":"https:\/\/chateau-de-batz.com\/nos-sejours\/"},{"@type":"ListItem","position":3,"name":"S\u00e9jours \u00e9questres"}]},{"@type":"WebSite","@id":"https:\/\/chateau-de-batz.com\/#website","url":"https:\/\/chateau-de-batz.com\/","name":"Ch\u00e2teau de Batz - Bed and breakfast","description":"The castle that lives to the rhythm of your passions","publisher":{"@id":"https:\/\/chateau-de-batz.com\/#organization"},"potentialAction":[{"@type":"SearchAction","target":{"@type":"EntryPoint","urlTemplate":"https:\/\/chateau-de-batz.com\/?s={search_term_string}"},"query-input":{"@type":"PropertyValueSpecification","valueRequired":true,"valueName":"search_term_string"}}],"inLanguage":"en-GB"},{"@type":"Organization","@id":"https:\/\/chateau-de-batz.com\/#organization","name":"Ch\u00e2teau de Batz - Bed and breakfast","url":"https:\/\/chateau-de-batz.com\/","logo":{"@type":"ImageObject","inLanguage":"en-GB","@id":"https:\/\/chateau-de-batz.com\/#\/schema\/logo\/image\/","url":"https:\/\/chateau-de-batz.com\/wp-content\/uploads\/2024\/03\/cropped-cropped-logo_vectorise_chateau_de_batz-removebg-highdef-2.png","contentUrl":"https:\/\/chateau-de-batz.com\/wp-content\/uploads\/2024\/03\/cropped-cropped-logo_vectorise_chateau_de_batz-removebg-highdef-2.png","width":1280,"height":1250,"caption":"Ch\u00e2teau de Batz - Chambres d&#039;h\u00f4tes"},"image":{"@id":"https:\/\/chateau-de-batz.com\/#\/schema\/logo\/image\/"}}]}},"_links":{"self":[{"href":"https:\/\/chateau-de-batz.com\/en\/wp-json\/wp\/v2\/pages\/1967","targetHints":{"allow":["GET"]}}],"collection":[{"href":"https:\/\/chateau-de-batz.com\/en\/wp-json\/wp\/v2\/pages"}],"about":[{"href":"https:\/\/chateau-de-batz.com\/en\/wp-json\/wp\/v2\/types\/page"}],"author":[{"embeddable":true,"href":"https:\/\/chateau-de-batz.com\/en\/wp-json\/wp\/v2\/users\/2"}],"replies":[{"embeddable":true,"href":"https:\/\/chateau-de-batz.com\/en\/wp-json\/wp\/v2\/comments?post=1967"}],"version-history":[{"count":35,"href":"https:\/\/chateau-de-batz.com\/en\/wp-json\/wp\/v2\/pages\/1967\/revisions"}],"predecessor-version":[{"id":2581,"href":"https:\/\/chateau-de-batz.com\/en\/wp-json\/wp\/v2\/pages\/1967\/revisions\/2581"}],"up":[{"embeddable":true,"href":"https:\/\/chateau-de-batz.com\/en\/wp-json\/wp\/v2\/pages\/1477"}],"wp:attachment":[{"href":"https:\/\/chateau-de-batz.com\/en\/wp-json\/wp\/v2\/media?parent=1967"}],"curies":[{"name":"wp","href":"https:\/\/api.w.org\/{rel}","templated":true}]}}