{"id":1968,"date":"2024-08-25T23:00:33","date_gmt":"2024-08-25T21:00:33","guid":{"rendered":"http:\/\/chateau-de-batz.com\/?page_id=1968"},"modified":"2026-04-15T10:26:36","modified_gmt":"2026-04-15T08:26:36","slug":"hunting-holidays","status":"publish","type":"page","link":"https:\/\/chateau-de-batz.com\/en\/nos-sejours\/sejours-de-chasse\/","title":{"rendered":"Hunting stays"},"content":{"rendered":"<div data-elementor-type=\"wp-page\" data-elementor-id=\"1968\" class=\"elementor elementor-1968\" data-elementor-post-type=\"page\">\n\t\t\t\t<div class=\"elementor-element elementor-element-130d4d6 e-con-full e-flex e-con e-parent\" data-id=\"130d4d6\" data-element_type=\"container\" data-e-type=\"container\" data-settings=\"{&quot;background_background&quot;:&quot;classic&quot;,&quot;animation&quot;:&quot;none&quot;,&quot;jet_parallax_layout_list&quot;:[]}\">\n\t\t<div class=\"elementor-element elementor-element-7d7c0b1 e-con-full e-flex e-con e-child\" data-id=\"7d7c0b1\" data-element_type=\"container\" data-e-type=\"container\" data-settings=\"{&quot;jet_parallax_layout_list&quot;:[]}\">\n\t\t\t\t<div class=\"elementor-element elementor-element-b6993db elementor-widget elementor-widget-heading\" data-id=\"b6993db\" data-element_type=\"widget\" data-e-type=\"widget\" data-widget_type=\"heading.default\">\n\t\t\t\t<div class=\"elementor-widget-container\">\n\t\t\t\t\t<h1 class=\"elementor-heading-title elementor-size-default\">Hunting stays<\/h1>\t\t\t\t<\/div>\n\t\t\t\t<\/div>\n\t\t\t\t<\/div>\n\t\t\t\t<\/div>\n\t\t<div class=\"elementor-element elementor-element-419ee14 e-con-full e-flex e-con e-parent\" data-id=\"419ee14\" data-element_type=\"container\" data-e-type=\"container\" data-settings=\"{&quot;jet_parallax_layout_list&quot;:[]}\">\n\t\t<div class=\"elementor-element elementor-element-ffe1d3a e-con-full e-flex e-con e-child\" data-id=\"ffe1d3a\" data-element_type=\"container\" data-e-type=\"container\" data-settings=\"{&quot;jet_parallax_layout_list&quot;:[]}\">\n\t\t<div class=\"elementor-element elementor-element-30c5a11 e-con-full e-flex e-con e-child\" data-id=\"30c5a11\" data-element_type=\"container\" data-e-type=\"container\" data-settings=\"{&quot;jet_parallax_layout_list&quot;:[]}\">\n\t\t\t\t<div class=\"elementor-element elementor-element-ca62340 elementor-widget elementor-widget-text-editor\" data-id=\"ca62340\" data-element_type=\"widget\" data-e-type=\"widget\" data-widget_type=\"text-editor.default\">\n\t\t\t\t<div class=\"elementor-widget-container\">\n\t\t\t\t\t\t\t\t\t<p><strong>From September to February, the Castle of Batz<\/strong>situated in tse heart of the Gers region, offers hunting stays on its domain. Nature lovers and hunters will be delighted by this unspoilt setting, which includes a 5-hectare lake, with its varied trails far from noisy towns..<\/p><p>The domain offers a variety of game, including roe deer, wild boar, hares, thrushes, wild ducks, teals and woodcocks. We can also organise pheasant and partridge releases.<\/p><p><strong>Area of the private property: <\/strong>200 hectares<\/p>\t\t\t\t\t\t\t\t<\/div>\n\t\t\t\t<\/div>\n\t\t\t\t<\/div>\n\t\t\t\t<\/div>\n\t\t\t\t<\/div>\n\t\t<div class=\"elementor-element elementor-element-81d09cc e-con-full e-flex e-con e-parent\" data-id=\"81d09cc\" data-element_type=\"container\" data-e-type=\"container\" data-settings=\"{&quot;jet_parallax_layout_list&quot;:[],&quot;background_background&quot;:&quot;classic&quot;}\">\n\t\t<div class=\"elementor-element elementor-element-7470ab3 e-con-full e-flex e-con e-child\" data-id=\"7470ab3\" data-element_type=\"container\" data-e-type=\"container\" data-settings=\"{&quot;jet_parallax_layout_list&quot;:[]}\">\n\t\t<div class=\"elementor-element elementor-element-58319f5 e-con-full e-flex e-con e-child\" data-id=\"58319f5\" data-element_type=\"container\" data-e-type=\"container\" data-settings=\"{&quot;jet_parallax_layout_list&quot;:[]}\">\n\t\t\t\t<div class=\"elementor-element elementor-element-c347fb5 elementor-widget elementor-widget-heading\" data-id=\"c347fb5\" data-element_type=\"widget\" data-e-type=\"widget\" data-widget_type=\"heading.default\">\n\t\t\t\t<div class=\"elementor-widget-container\">\n\t\t\t\t\t<h3 class=\"elementor-heading-title elementor-size-default\">Rates\n\n<\/h3>\t\t\t\t<\/div>\n\t\t\t\t<\/div>\n\t\t\t\t<div class=\"elementor-element elementor-element-b821b54 elementor-widget elementor-widget-heading\" data-id=\"b821b54\" data-element_type=\"widget\" data-e-type=\"widget\" data-widget_type=\"heading.default\">\n\t\t\t\t<div class=\"elementor-widget-container\">\n\t\t\t\t\t<p class=\"elementor-heading-title elementor-size-default\">250 \u20ac deposit<\/p>\t\t\t\t<\/div>\n\t\t\t\t<\/div>\n\t\t\t\t<div class=\"elementor-element elementor-element-f140380 elementor-icon-list--layout-traditional elementor-list-item-link-full_width elementor-widget elementor-widget-icon-list\" data-id=\"f140380\" data-element_type=\"widget\" data-e-type=\"widget\" data-widget_type=\"icon-list.default\">\n\t\t\t\t<div class=\"elementor-widget-container\">\n\t\t\t\t\t\t\t<ul class=\"elementor-icon-list-items\">\n\t\t\t\t\t\t\t<li class=\"elementor-icon-list-item\">\n\t\t\t\t\t\t\t\t\t\t\t<span class=\"elementor-icon-list-icon\">\n\t\t\t\t\t\t\t<i aria-hidden=\"true\" class=\"fas fa-chevron-right\"><\/i>\t\t\t\t\t\t<\/span>\n\t\t\t\t\t\t\t\t\t\t<span class=\"elementor-icon-list-text\"><b>580 \u20ac TTC \/ chasseur :<\/b> 2 nights, 2 breakfasts + 4 meals including 1 gourmet dinner<\/span>\n\t\t\t\t\t\t\t\t\t<\/li>\n\t\t\t\t\t\t\t\t<li class=\"elementor-icon-list-item\">\n\t\t\t\t\t\t\t\t\t\t\t<span class=\"elementor-icon-list-icon\">\n\t\t\t\t\t\t\t<i aria-hidden=\"true\" class=\"fas fa-chevron-right\"><\/i>\t\t\t\t\t\t<\/span>\n\t\t\t\t\t\t\t\t\t\t<span class=\"elementor-icon-list-text\"><b>280 incl. VAT \/ accompanying person<\/b> non-hunter sharing the room (2 nights)<\/span>\n\t\t\t\t\t\t\t\t\t<\/li>\n\t\t\t\t\t\t<\/ul>\n\t\t\t\t\t\t<\/div>\n\t\t\t\t<\/div>\n\t\t\t\t<div class=\"elementor-element elementor-element-ed819f0 elementor-widget elementor-widget-button\" data-id=\"ed819f0\" data-element_type=\"widget\" data-e-type=\"widget\" data-widget_type=\"button.default\">\n\t\t\t\t<div class=\"elementor-widget-container\">\n\t\t\t\t\t\t\t\t\t<div class=\"elementor-button-wrapper\">\n\t\t\t\t\t<a class=\"elementor-button elementor-button-link elementor-size-sm\" href=\"http:\/\/chateau-de-batz.com\/en\/contact-us\/\">\n\t\t\t\t\t\t<span class=\"elementor-button-content-wrapper\">\n\t\t\t\t\t\t\t\t\t<span class=\"elementor-button-text\">Contact us<\/span>\n\t\t\t\t\t<\/span>\n\t\t\t\t\t<\/a>\n\t\t\t\t<\/div>\n\t\t\t\t\t\t\t\t<\/div>\n\t\t\t\t<\/div>\n\t\t\t\t<\/div>\n\t\t\t\t<\/div>\n\t\t\t\t<\/div>\n\t\t<div class=\"elementor-element elementor-element-30855da e-con-full e-flex e-con e-parent\" data-id=\"30855da\" data-element_type=\"container\" data-e-type=\"container\" data-settings=\"{&quot;jet_parallax_layout_list&quot;:[]}\">\n\t\t<div class=\"elementor-element elementor-element-8f46ea5 e-con-full e-flex e-con e-child\" data-id=\"8f46ea5\" data-element_type=\"container\" data-e-type=\"container\" data-settings=\"{&quot;jet_parallax_layout_list&quot;:[]}\">\n\t\t<div class=\"elementor-element elementor-element-486261e e-con-full e-flex e-con e-child\" data-id=\"486261e\" data-element_type=\"container\" data-e-type=\"container\" data-settings=\"{&quot;jet_parallax_layout_list&quot;:[]}\">\n\t\t\t\t<div class=\"elementor-element elementor-element-14f1725 elementor-skin-carousel elementor-arrows-yes elementor-widget elementor-widget-media-carousel\" data-id=\"14f1725\" data-element_type=\"widget\" data-e-type=\"widget\" data-settings=\"{&quot;slides_per_view&quot;:&quot;4&quot;,&quot;slides_to_scroll&quot;:&quot;1&quot;,&quot;autoplay_speed&quot;:2000,&quot;space_between&quot;:{&quot;unit&quot;:&quot;px&quot;,&quot;size&quot;:20,&quot;sizes&quot;:[]},&quot;skin&quot;:&quot;carousel&quot;,&quot;effect&quot;:&quot;slide&quot;,&quot;show_arrows&quot;:&quot;yes&quot;,&quot;speed&quot;:500,&quot;autoplay&quot;:&quot;yes&quot;,&quot;loop&quot;:&quot;yes&quot;,&quot;pause_on_hover&quot;:&quot;yes&quot;,&quot;pause_on_interaction&quot;:&quot;yes&quot;,&quot;space_between_tablet&quot;:{&quot;unit&quot;:&quot;px&quot;,&quot;size&quot;:10,&quot;sizes&quot;:[]},&quot;space_between_mobile&quot;:{&quot;unit&quot;:&quot;px&quot;,&quot;size&quot;:10,&quot;sizes&quot;:[]}}\" data-widget_type=\"media-carousel.default\">\n\t\t\t\t<div class=\"elementor-widget-container\">\n\t\t\t\t\t\t\t\t\t<div class=\"elementor-swiper\">\n\t\t\t\t\t<div class=\"elementor-main-swiper swiper\" role=\"region\" aria-roledescription=\"carousel\" aria-label=\"Slides\">\n\t\t\t\t<div class=\"swiper-wrapper\">\n\t\t\t\t\t\t\t\t\t\t\t<div class=\"swiper-slide\" role=\"group\" aria-roledescription=\"slide\">\n\t\t\t\t\t\t\t<a href=\"http:\/\/chateau-de-batz.com\/wp-content\/uploads\/2024\/05\/Batz-28-scaled.jpg\" data-elementor-open-lightbox=\"yes\" data-elementor-lightbox-slideshow=\"14f1725\" data-e-action-hash=\"#elementor-action%3Aaction%3Dlightbox%26settings%3DeyJpZCI6MTI3MCwidXJsIjoiaHR0cHM6XC9cL2NoYXRlYXUtZGUtYmF0ei5jb21cL3dwLWNvbnRlbnRcL3VwbG9hZHNcLzIwMjRcLzA1XC9CYXR6LTI4LXNjYWxlZC5qcGciLCJzbGlkZXNob3ciOiIxNGYxNzI1In0%3D\">\t\t<div class=\"elementor-carousel-image\" role=\"img\" aria-label=\"hunt 1\" style=\"background-image: url(&#039;https:\/\/chateau-de-batz.com\/wp-content\/uploads\/2024\/05\/Batz-28-scaled.jpg&#039;)\">\n\n\t\t\t\n\t\t\t\t\t<\/div>\n\t\t<\/a>\t\t\t\t\t\t<\/div>\n\t\t\t\t\t\t\t\t\t\t\t<div class=\"swiper-slide\" role=\"group\" aria-roledescription=\"slide\">\n\t\t\t\t\t\t\t<a href=\"http:\/\/chateau-de-batz.com\/wp-content\/uploads\/2024\/05\/Batz-33-scaled.jpg\" data-elementor-open-lightbox=\"yes\" data-elementor-lightbox-slideshow=\"14f1725\" data-e-action-hash=\"#elementor-action%3Aaction%3Dlightbox%26settings%3DeyJpZCI6MTI3NSwidXJsIjoiaHR0cHM6XC9cL2NoYXRlYXUtZGUtYmF0ei5jb21cL3dwLWNvbnRlbnRcL3VwbG9hZHNcLzIwMjRcLzA1XC9CYXR6LTMzLXNjYWxlZC5qcGciLCJzbGlkZXNob3ciOiIxNGYxNzI1In0%3D\">\t\t<div class=\"elementor-carousel-image\" role=\"img\" aria-label=\"drone view chateau batz 3\" style=\"background-image: url(&#039;https:\/\/chateau-de-batz.com\/wp-content\/uploads\/2024\/05\/Batz-33-scaled.jpg&#039;)\">\n\n\t\t\t\n\t\t\t\t\t<\/div>\n\t\t<\/a>\t\t\t\t\t\t<\/div>\n\t\t\t\t\t\t\t\t\t\t\t<div class=\"swiper-slide\" role=\"group\" aria-roledescription=\"slide\">\n\t\t\t\t\t\t\t<a href=\"http:\/\/chateau-de-batz.com\/wp-content\/uploads\/2024\/07\/8dc27d59-4fba-4b62-a43f-b1ff5dfdaf3f.jpeg\" data-elementor-open-lightbox=\"yes\" data-elementor-lightbox-slideshow=\"14f1725\" data-e-action-hash=\"#elementor-action%3Aaction%3Dlightbox%26settings%3DeyJpZCI6MTU5MCwidXJsIjoiaHR0cHM6XC9cL2NoYXRlYXUtZGUtYmF0ei5jb21cL3dwLWNvbnRlbnRcL3VwbG9hZHNcLzIwMjRcLzA3XC84ZGMyN2Q1OS00ZmJhLTRiNjItYTQzZi1iMWZmNWRmZGFmM2YuanBlZyIsInNsaWRlc2hvdyI6IjE0ZjE3MjUifQ%3D%3D\">\t\t<div class=\"elementor-carousel-image\" role=\"img\" aria-label=\"hunting 2\" style=\"background-image: url(&#039;https:\/\/chateau-de-batz.com\/wp-content\/uploads\/2024\/07\/8dc27d59-4fba-4b62-a43f-b1ff5dfdaf3f.jpeg&#039;)\">\n\n\t\t\t\n\t\t\t\t\t<\/div>\n\t\t<\/a>\t\t\t\t\t\t<\/div>\n\t\t\t\t\t\t\t\t\t\t\t<div class=\"swiper-slide\" role=\"group\" aria-roledescription=\"slide\">\n\t\t\t\t\t\t\t<a href=\"http:\/\/chateau-de-batz.com\/wp-content\/uploads\/2024\/05\/Batz-27-scaled.jpg\" data-elementor-open-lightbox=\"yes\" data-elementor-lightbox-slideshow=\"14f1725\" data-e-action-hash=\"#elementor-action%3Aaction%3Dlightbox%26settings%3DeyJpZCI6MTI2OSwidXJsIjoiaHR0cHM6XC9cL2NoYXRlYXUtZGUtYmF0ei5jb21cL3dwLWNvbnRlbnRcL3VwbG9hZHNcLzIwMjRcLzA1XC9CYXR6LTI3LXNjYWxlZC5qcGciLCJzbGlkZXNob3ciOiIxNGYxNzI1In0%3D\">\t\t<div class=\"elementor-carousel-image\" role=\"img\" aria-label=\"hunting 3\" style=\"background-image: url(&#039;https:\/\/chateau-de-batz.com\/wp-content\/uploads\/2024\/05\/Batz-27-scaled.jpg&#039;)\">\n\n\t\t\t\n\t\t\t\t\t<\/div>\n\t\t<\/a>\t\t\t\t\t\t<\/div>\n\t\t\t\t\t\t\t\t\t\t\t<div class=\"swiper-slide\" role=\"group\" aria-roledescription=\"slide\">\n\t\t\t\t\t\t\t<a href=\"http:\/\/chateau-de-batz.com\/wp-content\/uploads\/2024\/03\/Chasse.jpg\" data-elementor-open-lightbox=\"yes\" data-elementor-lightbox-slideshow=\"14f1725\" data-e-action-hash=\"#elementor-action%3Aaction%3Dlightbox%26settings%3DeyJpZCI6NzEwLCJ1cmwiOiJodHRwczpcL1wvY2hhdGVhdS1kZS1iYXR6LmNvbVwvd3AtY29udGVudFwvdXBsb2Fkc1wvMjAyNFwvMDNcL0NoYXNzZS5qcGciLCJzbGlkZXNob3ciOiIxNGYxNzI1In0%3D\">\t\t<div class=\"elementor-carousel-image\" role=\"img\" aria-label=\"Hunting\" style=\"background-image: url(&#039;https:\/\/chateau-de-batz.com\/wp-content\/uploads\/2024\/03\/Chasse.jpg&#039;)\">\n\n\t\t\t\n\t\t\t\t\t<\/div>\n\t\t<\/a>\t\t\t\t\t\t<\/div>\n\t\t\t\t\t\t\t\t\t\t\t<div class=\"swiper-slide\" role=\"group\" aria-roledescription=\"slide\">\n\t\t\t\t\t\t\t<a href=\"http:\/\/chateau-de-batz.com\/wp-content\/uploads\/2024\/07\/IMG_7585-scaled.jpeg\" data-elementor-open-lightbox=\"yes\" data-elementor-lightbox-slideshow=\"14f1725\" data-e-action-hash=\"#elementor-action%3Aaction%3Dlightbox%26settings%3DeyJpZCI6MTU0NCwidXJsIjoiaHR0cHM6XC9cL2NoYXRlYXUtZGUtYmF0ei5jb21cL3dwLWNvbnRlbnRcL3VwbG9hZHNcLzIwMjRcLzA3XC9JTUdfNzU4NS1zY2FsZWQuanBlZyIsInNsaWRlc2hvdyI6IjE0ZjE3MjUifQ%3D%3D\">\t\t<div class=\"elementor-carousel-image\" role=\"img\" aria-label=\"view 1\" style=\"background-image: url(&#039;https:\/\/chateau-de-batz.com\/wp-content\/uploads\/2024\/07\/IMG_7585-scaled.jpeg&#039;)\">\n\n\t\t\t\n\t\t\t\t\t<\/div>\n\t\t<\/a>\t\t\t\t\t\t<\/div>\n\t\t\t\t\t\t\t\t\t\t\t<div class=\"swiper-slide\" role=\"group\" aria-roledescription=\"slide\">\n\t\t\t\t\t\t\t<a href=\"http:\/\/chateau-de-batz.com\/wp-content\/uploads\/2024\/07\/IMG_7634-scaled.jpeg\" data-elementor-open-lightbox=\"yes\" data-elementor-lightbox-slideshow=\"14f1725\" data-e-action-hash=\"#elementor-action%3Aaction%3Dlightbox%26settings%3DeyJpZCI6MTU0MCwidXJsIjoiaHR0cHM6XC9cL2NoYXRlYXUtZGUtYmF0ei5jb21cL3dwLWNvbnRlbnRcL3VwbG9hZHNcLzIwMjRcLzA3XC9JTUdfNzYzNC1zY2FsZWQuanBlZyIsInNsaWRlc2hvdyI6IjE0ZjE3MjUifQ%3D%3D\">\t\t<div class=\"elementor-carousel-image\" role=\"img\" aria-label=\"view 2\" style=\"background-image: url(&#039;https:\/\/chateau-de-batz.com\/wp-content\/uploads\/2024\/07\/IMG_7634-scaled.jpeg&#039;)\">\n\n\t\t\t\n\t\t\t\t\t<\/div>\n\t\t<\/a>\t\t\t\t\t\t<\/div>\n\t\t\t\t\t\t\t\t\t\t\t<div class=\"swiper-slide\" role=\"group\" aria-roledescription=\"slide\">\n\t\t\t\t\t\t\t<a href=\"http:\/\/chateau-de-batz.com\/wp-content\/uploads\/2024\/05\/Batz-26-scaled.jpg\" data-elementor-open-lightbox=\"yes\" data-elementor-lightbox-slideshow=\"14f1725\" data-e-action-hash=\"#elementor-action%3Aaction%3Dlightbox%26settings%3DeyJpZCI6MTI2OCwidXJsIjoiaHR0cHM6XC9cL2NoYXRlYXUtZGUtYmF0ei5jb21cL3dwLWNvbnRlbnRcL3VwbG9hZHNcLzIwMjRcLzA1XC9CYXR6LTI2LXNjYWxlZC5qcGciLCJzbGlkZXNob3ciOiIxNGYxNzI1In0%3D\">\t\t<div class=\"elementor-carousel-image\" role=\"img\" aria-label=\"hunting 5\" style=\"background-image: url(&#039;https:\/\/chateau-de-batz.com\/wp-content\/uploads\/2024\/05\/Batz-26-scaled.jpg&#039;)\">\n\n\t\t\t\n\t\t\t\t\t<\/div>\n\t\t<\/a>\t\t\t\t\t\t<\/div>\n\t\t\t\t\t\t\t\t\t<\/div>\n\t\t\t\t\t\t\t\t\t\t\t\t\t\t\t<div class=\"elementor-swiper-button elementor-swiper-button-prev\" role=\"button\" tabindex=\"0\" aria-label=\"Previous\">\n\t\t\t\t\t\t\t<i aria-hidden=\"true\" class=\"eicon-chevron-left\"><\/i>\t\t\t\t\t\t<\/div>\n\t\t\t\t\t\t<div class=\"elementor-swiper-button elementor-swiper-button-next\" role=\"button\" tabindex=\"0\" aria-label=\"Next\">\n\t\t\t\t\t\t\t<i aria-hidden=\"true\" class=\"eicon-chevron-right\"><\/i>\t\t\t\t\t\t<\/div>\n\t\t\t\t\t\t\t\t\t\t\t\t\t\t\t\t\t<\/div>\n\t\t\t\t<\/div>\n\t\t\t\t\t\t\t\t<\/div>\n\t\t\t\t<\/div>\n\t\t\t\t<\/div>\n\t\t\t\t<\/div>\n\t\t\t\t<\/div>\n\t\t\t\t<\/div>","protected":false},"excerpt":{"rendered":"<p>De septembre \u00e0 f\u00e9vrier, le Ch\u00e2teau de Batz, situ\u00e9 au c\u0153ur du Gers, propose un s\u00e9jour de chasse sur son domaine. Les amoureux de la nature et des parties de chasse trouveront satisfaction dans ce cadre pr\u00e9serv\u00e9, comprenant un lac de 5 hectares, aux parcours vari\u00e9s et \u00e0 distance de la ville. Le domaine offre [&hellip;]<\/p>\n","protected":false},"author":2,"featured_media":0,"parent":1477,"menu_order":0,"comment_status":"closed","ping_status":"closed","template":"elementor_header_footer","meta":{"footnotes":""},"class_list":["post-1968","page","type-page","status-publish","hentry"],"yoast_head":"<!-- This site is optimized with the Yoast SEO plugin v27.4 - https:\/\/yoast.com\/product\/yoast-seo-wordpress\/ -->\n<title>S\u00e9jours de chasse - Ch\u00e2teau de Batz - Chambres d&#039;h\u00f4tes<\/title>\n<meta name=\"robots\" content=\"index, follow, max-snippet:-1, max-image-preview:large, max-video-preview:-1\" \/>\n<link rel=\"canonical\" href=\"https:\/\/chateau-de-batz.com\/en\/our-stays\/hunting-holidays\/\" \/>\n<meta property=\"og:locale\" content=\"en_GB\" \/>\n<meta property=\"og:type\" content=\"article\" \/>\n<meta property=\"og:title\" content=\"S\u00e9jours de chasse - Ch\u00e2teau de Batz - Chambres d&#039;h\u00f4tes\" \/>\n<meta property=\"og:description\" content=\"De septembre \u00e0 f\u00e9vrier, le Ch\u00e2teau de Batz, situ\u00e9 au c\u0153ur du Gers, propose un s\u00e9jour de chasse sur son domaine. Les amoureux de la nature et des parties de chasse trouveront satisfaction dans ce cadre pr\u00e9serv\u00e9, comprenant un lac de 5 hectares, aux parcours vari\u00e9s et \u00e0 distance de la ville. Le domaine offre [&hellip;]\" \/>\n<meta property=\"og:url\" content=\"https:\/\/chateau-de-batz.com\/en\/our-stays\/hunting-holidays\/\" \/>\n<meta property=\"og:site_name\" content=\"Ch\u00e2teau de Batz - Chambres d&#039;h\u00f4tes\" \/>\n<meta property=\"article:modified_time\" content=\"2026-04-15T08:26:36+00:00\" \/>\n<meta name=\"twitter:card\" content=\"summary_large_image\" \/>\n<meta name=\"twitter:label1\" content=\"Estimated reading time\" \/>\n\t<meta name=\"twitter:data1\" content=\"1 minute\" \/>\n<script type=\"application\/ld+json\" class=\"yoast-schema-graph\">{\"@context\":\"https:\\\/\\\/schema.org\",\"@graph\":[{\"@type\":\"WebPage\",\"@id\":\"https:\\\/\\\/chateau-de-batz.com\\\/nos-sejours\\\/sejours-de-chasse\\\/\",\"url\":\"https:\\\/\\\/chateau-de-batz.com\\\/nos-sejours\\\/sejours-de-chasse\\\/\",\"name\":\"S\u00e9jours de chasse - Ch\u00e2teau de Batz - Chambres d&#039;h\u00f4tes\",\"isPartOf\":{\"@id\":\"https:\\\/\\\/chateau-de-batz.com\\\/#website\"},\"datePublished\":\"2024-08-25T21:00:33+00:00\",\"dateModified\":\"2026-04-15T08:26:36+00:00\",\"breadcrumb\":{\"@id\":\"https:\\\/\\\/chateau-de-batz.com\\\/nos-sejours\\\/sejours-de-chasse\\\/#breadcrumb\"},\"inLanguage\":\"en-GB\",\"potentialAction\":[{\"@type\":\"ReadAction\",\"target\":[\"https:\\\/\\\/chateau-de-batz.com\\\/nos-sejours\\\/sejours-de-chasse\\\/\"]}]},{\"@type\":\"BreadcrumbList\",\"@id\":\"https:\\\/\\\/chateau-de-batz.com\\\/nos-sejours\\\/sejours-de-chasse\\\/#breadcrumb\",\"itemListElement\":[{\"@type\":\"ListItem\",\"position\":1,\"name\":\"Home\",\"item\":\"https:\\\/\\\/chateau-de-batz.com\\\/\"},{\"@type\":\"ListItem\",\"position\":2,\"name\":\"Nos s\u00e9jours\",\"item\":\"https:\\\/\\\/chateau-de-batz.com\\\/nos-sejours\\\/\"},{\"@type\":\"ListItem\",\"position\":3,\"name\":\"S\u00e9jours de chasse\"}]},{\"@type\":\"WebSite\",\"@id\":\"https:\\\/\\\/chateau-de-batz.com\\\/#website\",\"url\":\"https:\\\/\\\/chateau-de-batz.com\\\/\",\"name\":\"Ch\u00e2teau de Batz - Chambres d&#039;h\u00f4tes\",\"description\":\"Le ch\u00e2teau qui vit au rythme de vos passions\",\"publisher\":{\"@id\":\"https:\\\/\\\/chateau-de-batz.com\\\/#organization\"},\"potentialAction\":[{\"@type\":\"SearchAction\",\"target\":{\"@type\":\"EntryPoint\",\"urlTemplate\":\"https:\\\/\\\/chateau-de-batz.com\\\/?s={search_term_string}\"},\"query-input\":{\"@type\":\"PropertyValueSpecification\",\"valueRequired\":true,\"valueName\":\"search_term_string\"}}],\"inLanguage\":\"en-GB\"},{\"@type\":\"Organization\",\"@id\":\"https:\\\/\\\/chateau-de-batz.com\\\/#organization\",\"name\":\"Ch\u00e2teau de Batz - Chambres d&#039;h\u00f4tes\",\"url\":\"https:\\\/\\\/chateau-de-batz.com\\\/\",\"logo\":{\"@type\":\"ImageObject\",\"inLanguage\":\"en-GB\",\"@id\":\"https:\\\/\\\/chateau-de-batz.com\\\/#\\\/schema\\\/logo\\\/image\\\/\",\"url\":\"https:\\\/\\\/chateau-de-batz.com\\\/wp-content\\\/uploads\\\/2024\\\/03\\\/cropped-cropped-logo_vectorise_chateau_de_batz-removebg-highdef-2.png\",\"contentUrl\":\"https:\\\/\\\/chateau-de-batz.com\\\/wp-content\\\/uploads\\\/2024\\\/03\\\/cropped-cropped-logo_vectorise_chateau_de_batz-removebg-highdef-2.png\",\"width\":1280,\"height\":1250,\"caption\":\"Ch\u00e2teau de Batz - Chambres d&#039;h\u00f4tes\"},\"image\":{\"@id\":\"https:\\\/\\\/chateau-de-batz.com\\\/#\\\/schema\\\/logo\\\/image\\\/\"}}]}<\/script>\n<!-- \/ Yoast SEO plugin. -->","yoast_head_json":{"title":"Hunting breaks - Ch\u00e2teau de Batz - Bed and breakfast","robots":{"index":"index","follow":"follow","max-snippet":"max-snippet:-1","max-image-preview":"max-image-preview:large","max-video-preview":"max-video-preview:-1"},"canonical":"https:\/\/chateau-de-batz.com\/en\/our-stays\/hunting-holidays\/","og_locale":"en_GB","og_type":"article","og_title":"S\u00e9jours de chasse - Ch\u00e2teau de Batz - Chambres d&#039;h\u00f4tes","og_description":"De septembre \u00e0 f\u00e9vrier, le Ch\u00e2teau de Batz, situ\u00e9 au c\u0153ur du Gers, propose un s\u00e9jour de chasse sur son domaine. Les amoureux de la nature et des parties de chasse trouveront satisfaction dans ce cadre pr\u00e9serv\u00e9, comprenant un lac de 5 hectares, aux parcours vari\u00e9s et \u00e0 distance de la ville. Le domaine offre [&hellip;]","og_url":"https:\/\/chateau-de-batz.com\/en\/our-stays\/hunting-holidays\/","og_site_name":"Ch\u00e2teau de Batz - Chambres d&#039;h\u00f4tes","article_modified_time":"2026-04-15T08:26:36+00:00","twitter_card":"summary_large_image","twitter_misc":{"Estimated reading time":"1 minute"},"schema":{"@context":"https:\/\/schema.org","@graph":[{"@type":"WebPage","@id":"https:\/\/chateau-de-batz.com\/nos-sejours\/sejours-de-chasse\/","url":"https:\/\/chateau-de-batz.com\/nos-sejours\/sejours-de-chasse\/","name":"Hunting breaks - Ch\u00e2teau de Batz - Bed and breakfast","isPartOf":{"@id":"https:\/\/chateau-de-batz.com\/#website"},"datePublished":"2024-08-25T21:00:33+00:00","dateModified":"2026-04-15T08:26:36+00:00","breadcrumb":{"@id":"https:\/\/chateau-de-batz.com\/nos-sejours\/sejours-de-chasse\/#breadcrumb"},"inLanguage":"en-GB","potentialAction":[{"@type":"ReadAction","target":["https:\/\/chateau-de-batz.com\/nos-sejours\/sejours-de-chasse\/"]}]},{"@type":"BreadcrumbList","@id":"https:\/\/chateau-de-batz.com\/nos-sejours\/sejours-de-chasse\/#breadcrumb","itemListElement":[{"@type":"ListItem","position":1,"name":"Home","item":"https:\/\/chateau-de-batz.com\/"},{"@type":"ListItem","position":2,"name":"Nos s\u00e9jours","item":"https:\/\/chateau-de-batz.com\/nos-sejours\/"},{"@type":"ListItem","position":3,"name":"S\u00e9jours de chasse"}]},{"@type":"WebSite","@id":"https:\/\/chateau-de-batz.com\/#website","url":"https:\/\/chateau-de-batz.com\/","name":"Ch\u00e2teau de Batz - Bed and breakfast","description":"The castle that lives to the rhythm of your passions","publisher":{"@id":"https:\/\/chateau-de-batz.com\/#organization"},"potentialAction":[{"@type":"SearchAction","target":{"@type":"EntryPoint","urlTemplate":"https:\/\/chateau-de-batz.com\/?s={search_term_string}"},"query-input":{"@type":"PropertyValueSpecification","valueRequired":true,"valueName":"search_term_string"}}],"inLanguage":"en-GB"},{"@type":"Organization","@id":"https:\/\/chateau-de-batz.com\/#organization","name":"Ch\u00e2teau de Batz - Bed and breakfast","url":"https:\/\/chateau-de-batz.com\/","logo":{"@type":"ImageObject","inLanguage":"en-GB","@id":"https:\/\/chateau-de-batz.com\/#\/schema\/logo\/image\/","url":"https:\/\/chateau-de-batz.com\/wp-content\/uploads\/2024\/03\/cropped-cropped-logo_vectorise_chateau_de_batz-removebg-highdef-2.png","contentUrl":"https:\/\/chateau-de-batz.com\/wp-content\/uploads\/2024\/03\/cropped-cropped-logo_vectorise_chateau_de_batz-removebg-highdef-2.png","width":1280,"height":1250,"caption":"Ch\u00e2teau de Batz - Chambres d&#039;h\u00f4tes"},"image":{"@id":"https:\/\/chateau-de-batz.com\/#\/schema\/logo\/image\/"}}]}},"_links":{"self":[{"href":"https:\/\/chateau-de-batz.com\/en\/wp-json\/wp\/v2\/pages\/1968","targetHints":{"allow":["GET"]}}],"collection":[{"href":"https:\/\/chateau-de-batz.com\/en\/wp-json\/wp\/v2\/pages"}],"about":[{"href":"https:\/\/chateau-de-batz.com\/en\/wp-json\/wp\/v2\/types\/page"}],"author":[{"embeddable":true,"href":"https:\/\/chateau-de-batz.com\/en\/wp-json\/wp\/v2\/users\/2"}],"replies":[{"embeddable":true,"href":"https:\/\/chateau-de-batz.com\/en\/wp-json\/wp\/v2\/comments?post=1968"}],"version-history":[{"count":43,"href":"https:\/\/chateau-de-batz.com\/en\/wp-json\/wp\/v2\/pages\/1968\/revisions"}],"predecessor-version":[{"id":2584,"href":"https:\/\/chateau-de-batz.com\/en\/wp-json\/wp\/v2\/pages\/1968\/revisions\/2584"}],"up":[{"embeddable":true,"href":"https:\/\/chateau-de-batz.com\/en\/wp-json\/wp\/v2\/pages\/1477"}],"wp:attachment":[{"href":"https:\/\/chateau-de-batz.com\/en\/wp-json\/wp\/v2\/media?parent=1968"}],"curies":[{"name":"wp","href":"https:\/\/api.w.org\/{rel}","templated":true}]}}