{"id":2361,"date":"2024-09-09T14:14:39","date_gmt":"2024-09-09T12:14:39","guid":{"rendered":"http:\/\/chateau-de-batz.com\/?page_id=2361"},"modified":"2024-09-09T14:14:39","modified_gmt":"2024-09-09T12:14:39","slug":"privacy-policy","status":"publish","type":"page","link":"https:\/\/chateau-de-batz.com\/en\/politique-de-confidentialite\/","title":{"rendered":"Privacy policy"},"content":{"rendered":"","protected":false},"excerpt":{"rendered":"","protected":false},"author":2,"featured_media":0,"parent":0,"menu_order":0,"comment_status":"closed","ping_status":"closed","template":"elementor_header_footer","meta":{"footnotes":""},"class_list":["post-2361","page","type-page","status-publish","hentry"],"yoast_head":"<!-- This site is optimized with the Yoast SEO plugin v27.5 - https:\/\/yoast.com\/product\/yoast-seo-wordpress\/ -->\n<title>Politique de confidentialit\u00e9 - Ch\u00e2teau de Batz - Chambres d&#039;h\u00f4tes<\/title>\n<meta name=\"robots\" content=\"index, follow, max-snippet:-1, max-image-preview:large, max-video-preview:-1\" \/>\n<link rel=\"canonical\" href=\"https:\/\/chateau-de-batz.com\/en\/privacy-policy\/\" \/>\n<meta property=\"og:locale\" content=\"en_GB\" \/>\n<meta property=\"og:type\" content=\"article\" \/>\n<meta property=\"og:title\" content=\"Politique de confidentialit\u00e9 - Ch\u00e2teau de Batz - Chambres d&#039;h\u00f4tes\" \/>\n<meta property=\"og:url\" content=\"https:\/\/chateau-de-batz.com\/en\/privacy-policy\/\" \/>\n<meta property=\"og:site_name\" content=\"Ch\u00e2teau de Batz - Chambres d&#039;h\u00f4tes\" \/>\n<meta name=\"twitter:card\" content=\"summary_large_image\" \/>\n<script type=\"application\/ld+json\" class=\"yoast-schema-graph\">{\"@context\":\"https:\\\/\\\/schema.org\",\"@graph\":[{\"@type\":\"WebPage\",\"@id\":\"https:\\\/\\\/chateau-de-batz.com\\\/politique-de-confidentialite\\\/\",\"url\":\"https:\\\/\\\/chateau-de-batz.com\\\/politique-de-confidentialite\\\/\",\"name\":\"Politique de confidentialit\u00e9 - Ch\u00e2teau de Batz - Chambres d&#039;h\u00f4tes\",\"isPartOf\":{\"@id\":\"https:\\\/\\\/chateau-de-batz.com\\\/#website\"},\"datePublished\":\"2024-09-09T12:14:39+00:00\",\"breadcrumb\":{\"@id\":\"https:\\\/\\\/chateau-de-batz.com\\\/politique-de-confidentialite\\\/#breadcrumb\"},\"inLanguage\":\"en-GB\",\"potentialAction\":[{\"@type\":\"ReadAction\",\"target\":[\"https:\\\/\\\/chateau-de-batz.com\\\/politique-de-confidentialite\\\/\"]}]},{\"@type\":\"BreadcrumbList\",\"@id\":\"https:\\\/\\\/chateau-de-batz.com\\\/politique-de-confidentialite\\\/#breadcrumb\",\"itemListElement\":[{\"@type\":\"ListItem\",\"position\":1,\"name\":\"Home\",\"item\":\"https:\\\/\\\/chateau-de-batz.com\\\/\"},{\"@type\":\"ListItem\",\"position\":2,\"name\":\"Politique de confidentialit\u00e9\"}]},{\"@type\":\"WebSite\",\"@id\":\"https:\\\/\\\/chateau-de-batz.com\\\/#website\",\"url\":\"https:\\\/\\\/chateau-de-batz.com\\\/\",\"name\":\"Ch\u00e2teau de Batz - Chambres d&#039;h\u00f4tes\",\"description\":\"Le ch\u00e2teau qui vit au rythme de vos passions\",\"publisher\":{\"@id\":\"https:\\\/\\\/chateau-de-batz.com\\\/#organization\"},\"potentialAction\":[{\"@type\":\"SearchAction\",\"target\":{\"@type\":\"EntryPoint\",\"urlTemplate\":\"https:\\\/\\\/chateau-de-batz.com\\\/?s={search_term_string}\"},\"query-input\":{\"@type\":\"PropertyValueSpecification\",\"valueRequired\":true,\"valueName\":\"search_term_string\"}}],\"inLanguage\":\"en-GB\"},{\"@type\":\"Organization\",\"@id\":\"https:\\\/\\\/chateau-de-batz.com\\\/#organization\",\"name\":\"Ch\u00e2teau de Batz - Chambres d&#039;h\u00f4tes\",\"url\":\"https:\\\/\\\/chateau-de-batz.com\\\/\",\"logo\":{\"@type\":\"ImageObject\",\"inLanguage\":\"en-GB\",\"@id\":\"https:\\\/\\\/chateau-de-batz.com\\\/#\\\/schema\\\/logo\\\/image\\\/\",\"url\":\"https:\\\/\\\/chateau-de-batz.com\\\/wp-content\\\/uploads\\\/2024\\\/03\\\/cropped-cropped-logo_vectorise_chateau_de_batz-removebg-highdef-2.png\",\"contentUrl\":\"https:\\\/\\\/chateau-de-batz.com\\\/wp-content\\\/uploads\\\/2024\\\/03\\\/cropped-cropped-logo_vectorise_chateau_de_batz-removebg-highdef-2.png\",\"width\":1280,\"height\":1250,\"caption\":\"Ch\u00e2teau de Batz - Chambres d&#039;h\u00f4tes\"},\"image\":{\"@id\":\"https:\\\/\\\/chateau-de-batz.com\\\/#\\\/schema\\\/logo\\\/image\\\/\"}}]}<\/script>\n<!-- \/ Yoast SEO plugin. -->","yoast_head_json":{"title":"Privacy policy - Ch\u00e2teau de Batz - Bed and breakfast","robots":{"index":"index","follow":"follow","max-snippet":"max-snippet:-1","max-image-preview":"max-image-preview:large","max-video-preview":"max-video-preview:-1"},"canonical":"https:\/\/chateau-de-batz.com\/en\/privacy-policy\/","og_locale":"en_GB","og_type":"article","og_title":"Politique de confidentialit\u00e9 - Ch\u00e2teau de Batz - Chambres d&#039;h\u00f4tes","og_url":"https:\/\/chateau-de-batz.com\/en\/privacy-policy\/","og_site_name":"Ch\u00e2teau de Batz - Chambres d&#039;h\u00f4tes","twitter_card":"summary_large_image","schema":{"@context":"https:\/\/schema.org","@graph":[{"@type":"WebPage","@id":"https:\/\/chateau-de-batz.com\/politique-de-confidentialite\/","url":"https:\/\/chateau-de-batz.com\/politique-de-confidentialite\/","name":"Privacy policy - Ch\u00e2teau de Batz - Bed and breakfast","isPartOf":{"@id":"https:\/\/chateau-de-batz.com\/#website"},"datePublished":"2024-09-09T12:14:39+00:00","breadcrumb":{"@id":"https:\/\/chateau-de-batz.com\/politique-de-confidentialite\/#breadcrumb"},"inLanguage":"en-GB","potentialAction":[{"@type":"ReadAction","target":["https:\/\/chateau-de-batz.com\/politique-de-confidentialite\/"]}]},{"@type":"BreadcrumbList","@id":"https:\/\/chateau-de-batz.com\/politique-de-confidentialite\/#breadcrumb","itemListElement":[{"@type":"ListItem","position":1,"name":"Home","item":"https:\/\/chateau-de-batz.com\/"},{"@type":"ListItem","position":2,"name":"Politique de confidentialit\u00e9"}]},{"@type":"WebSite","@id":"https:\/\/chateau-de-batz.com\/#website","url":"https:\/\/chateau-de-batz.com\/","name":"Ch\u00e2teau de Batz - Bed and breakfast","description":"The castle that lives to the rhythm of your passions","publisher":{"@id":"https:\/\/chateau-de-batz.com\/#organization"},"potentialAction":[{"@type":"SearchAction","target":{"@type":"EntryPoint","urlTemplate":"https:\/\/chateau-de-batz.com\/?s={search_term_string}"},"query-input":{"@type":"PropertyValueSpecification","valueRequired":true,"valueName":"search_term_string"}}],"inLanguage":"en-GB"},{"@type":"Organization","@id":"https:\/\/chateau-de-batz.com\/#organization","name":"Ch\u00e2teau de Batz - Bed and breakfast","url":"https:\/\/chateau-de-batz.com\/","logo":{"@type":"ImageObject","inLanguage":"en-GB","@id":"https:\/\/chateau-de-batz.com\/#\/schema\/logo\/image\/","url":"https:\/\/chateau-de-batz.com\/wp-content\/uploads\/2024\/03\/cropped-cropped-logo_vectorise_chateau_de_batz-removebg-highdef-2.png","contentUrl":"https:\/\/chateau-de-batz.com\/wp-content\/uploads\/2024\/03\/cropped-cropped-logo_vectorise_chateau_de_batz-removebg-highdef-2.png","width":1280,"height":1250,"caption":"Ch\u00e2teau de Batz - Chambres d&#039;h\u00f4tes"},"image":{"@id":"https:\/\/chateau-de-batz.com\/#\/schema\/logo\/image\/"}}]}},"_links":{"self":[{"href":"https:\/\/chateau-de-batz.com\/en\/wp-json\/wp\/v2\/pages\/2361","targetHints":{"allow":["GET"]}}],"collection":[{"href":"https:\/\/chateau-de-batz.com\/en\/wp-json\/wp\/v2\/pages"}],"about":[{"href":"https:\/\/chateau-de-batz.com\/en\/wp-json\/wp\/v2\/types\/page"}],"author":[{"embeddable":true,"href":"https:\/\/chateau-de-batz.com\/en\/wp-json\/wp\/v2\/users\/2"}],"replies":[{"embeddable":true,"href":"https:\/\/chateau-de-batz.com\/en\/wp-json\/wp\/v2\/comments?post=2361"}],"version-history":[{"count":1,"href":"https:\/\/chateau-de-batz.com\/en\/wp-json\/wp\/v2\/pages\/2361\/revisions"}],"predecessor-version":[{"id":2363,"href":"https:\/\/chateau-de-batz.com\/en\/wp-json\/wp\/v2\/pages\/2361\/revisions\/2363"}],"wp:attachment":[{"href":"https:\/\/chateau-de-batz.com\/en\/wp-json\/wp\/v2\/media?parent=2361"}],"curies":[{"name":"wp","href":"https:\/\/api.w.org\/{rel}","templated":true}]}}