{"id":1716,"date":"2024-08-24T12:50:49","date_gmt":"2024-08-24T12:50:49","guid":{"rendered":"http:\/\/chateau-de-batz.com\/?page_id=1716"},"modified":"2024-09-21T13:32:51","modified_gmt":"2024-09-21T11:32:51","slug":"nuestro-dominio","status":"publish","type":"page","link":"https:\/\/chateau-de-batz.com\/es\/notre-domaine\/","title":{"rendered":"Nuestro dominio"},"content":{"rendered":"<div data-elementor-type=\"wp-post\" data-elementor-id=\"1716\" class=\"elementor elementor-1716\" data-elementor-post-type=\"page\">\n\t\t\t\t<div class=\"elementor-element elementor-element-1170c2c e-con-full e-flex e-con e-parent\" data-id=\"1170c2c\" data-element_type=\"container\" data-e-type=\"container\" data-settings=\"{&quot;background_background&quot;:&quot;classic&quot;,&quot;animation&quot;:&quot;none&quot;,&quot;jet_parallax_layout_list&quot;:[]}\">\n\t\t<div class=\"elementor-element elementor-element-ed1cb3c e-con-full e-flex e-con e-child\" data-id=\"ed1cb3c\" data-element_type=\"container\" data-e-type=\"container\" data-settings=\"{&quot;jet_parallax_layout_list&quot;:[]}\">\n\t\t\t\t<div class=\"elementor-element elementor-element-573d8b5 elementor-widget elementor-widget-heading\" data-id=\"573d8b5\" data-element_type=\"widget\" data-e-type=\"widget\" data-widget_type=\"heading.default\">\n\t\t\t\t<div class=\"elementor-widget-container\">\n\t\t\t\t\t<h1 class=\"elementor-heading-title elementor-size-default\">Nuestro dominio<\/h1>\t\t\t\t<\/div>\n\t\t\t\t<\/div>\n\t\t\t\t<\/div>\n\t\t\t\t<\/div>\n\t\t<div class=\"elementor-element elementor-element-7460f9b e-con-full e-flex e-con e-parent\" data-id=\"7460f9b\" data-element_type=\"container\" data-e-type=\"container\" data-settings=\"{&quot;jet_parallax_layout_list&quot;:[]}\">\n\t\t<div class=\"elementor-element elementor-element-dcb442b e-con-full e-flex e-con e-child\" data-id=\"dcb442b\" data-element_type=\"container\" data-e-type=\"container\" data-settings=\"{&quot;jet_parallax_layout_list&quot;:[]}\">\n\t\t\t\t<div class=\"elementor-element elementor-element-fc5519f elementor-widget elementor-widget-heading\" data-id=\"fc5519f\" data-element_type=\"widget\" data-e-type=\"widget\" data-widget_type=\"heading.default\">\n\t\t\t\t<div class=\"elementor-widget-container\">\n\t\t\t\t\t<h2 class=\"elementor-heading-title elementor-size-default\">Batz a trav\u00e9s de los siglos: un castillo conservado gracias a mujeres de car\u00e1cter<\/h2>\t\t\t\t<\/div>\n\t\t\t\t<\/div>\n\t\t\t\t<div class=\"elementor-element elementor-element-5864eae elementor-widget elementor-widget-text-editor\" data-id=\"5864eae\" data-element_type=\"widget\" data-e-type=\"widget\" data-widget_type=\"text-editor.default\">\n\t\t\t\t<div class=\"elementor-widget-container\">\n\t\t\t\t\t\t\t\t\t<p>Ya en el siglo XIII se tiene constancia de una torre cuadrada de vigilancia en Batz. No se sabe qui\u00e9n fue primero, si la torre o el pueblo de Castillon-Debats, cuya ortograf\u00eda ha fluctuado a lo largo de los siglos. Fue la cuna de los ya desaparecidos \"Se\u00f1ores de Batz de Castillon\".<\/p><p>El m\u00e1s famoso de estos se\u00f1ores fue sin duda Manaud III de Batz Leaumont, se\u00f1or de Batz, Suberbies et de Sainte Cristie. Se distingui\u00f3 durante el asedio de Eauze, donde salv\u00f3 la vida de Enrique IV, quien le escribi\u00f3 dos cartas para agradec\u00e9rselo, refiri\u00e9ndose a \u00e9l como \"su segador\" (archivos de Tarbes). El hijo de Manaud, Hercule, muri\u00f3 sin descendencia hacia 1650.<\/p><p>El castillo fue comprado por la familia du Lin de Marsan y posteriormente, el 20 de junio de 1732, por el se\u00f1or Fran\u00e7ois de Ferragut-Montus, cuyos descendientes siguen viviendo all\u00ed en la actualidad.<\/p><p>Batz sufri\u00f3 durante la revoluci\u00f3n. Fue sobre todo durante el siglo XIX cuando Batz fue ampliada y embellecida por sus sucesivos propietarios, principalmente mujeres de esp\u00edritu y coraz\u00f3n que lucharon por mantener, salvaguardar y transmitir esta hermosa casa.<\/p>\t\t\t\t\t\t\t\t<\/div>\n\t\t\t\t<\/div>\n\t\t\t\t<\/div>\n\t\t<div class=\"elementor-element elementor-element-7fe1464 e-con-full e-flex e-con e-child\" data-id=\"7fe1464\" data-element_type=\"container\" data-e-type=\"container\" data-settings=\"{&quot;jet_parallax_layout_list&quot;:[]}\">\n\t\t\t\t<div class=\"elementor-element elementor-element-85cdeba elementor-widget elementor-widget-image\" data-id=\"85cdeba\" data-element_type=\"widget\" data-e-type=\"widget\" data-widget_type=\"image.default\">\n\t\t\t\t<div class=\"elementor-widget-container\">\n\t\t\t\t\t\t\t\t\t\t\t\t\t\t\t<img fetchpriority=\"high\" decoding=\"async\" width=\"2560\" height=\"1920\" src=\"https:\/\/chateau-de-batz.com\/wp-content\/uploads\/2024\/07\/IMG_7622-scaled.jpeg\" class=\"attachment-full size-full wp-image-1554\" alt=\"FACHADA ESTE DEL CASTILLO DE BATZ\" srcset=\"https:\/\/chateau-de-batz.com\/wp-content\/uploads\/2024\/07\/IMG_7622-scaled.jpeg 2560w, https:\/\/chateau-de-batz.com\/wp-content\/uploads\/2024\/07\/IMG_7622-300x225.jpeg 300w, https:\/\/chateau-de-batz.com\/wp-content\/uploads\/2024\/07\/IMG_7622-1024x768.jpeg 1024w, https:\/\/chateau-de-batz.com\/wp-content\/uploads\/2024\/07\/IMG_7622-768x576.jpeg 768w, https:\/\/chateau-de-batz.com\/wp-content\/uploads\/2024\/07\/IMG_7622-1536x1152.jpeg 1536w, https:\/\/chateau-de-batz.com\/wp-content\/uploads\/2024\/07\/IMG_7622-2048x1536.jpeg 2048w, https:\/\/chateau-de-batz.com\/wp-content\/uploads\/2024\/07\/IMG_7622-600x450.jpeg 600w\" sizes=\"(max-width: 2560px) 100vw, 2560px\" \/>\t\t\t\t\t\t\t\t\t\t\t\t\t\t\t<\/div>\n\t\t\t\t<\/div>\n\t\t\t\t<\/div>\n\t\t\t\t<\/div>\n\t\t<div class=\"elementor-element elementor-element-132dd75 e-con-full e-flex e-con e-parent\" data-id=\"132dd75\" data-element_type=\"container\" data-e-type=\"container\" data-settings=\"{&quot;jet_parallax_layout_list&quot;:[]}\">\n\t\t<div class=\"elementor-element elementor-element-5fbf2bf e-con-full e-flex e-con e-child\" data-id=\"5fbf2bf\" data-element_type=\"container\" data-e-type=\"container\" data-settings=\"{&quot;jet_parallax_layout_list&quot;:[]}\">\n\t\t\t\t<div class=\"elementor-element elementor-element-eda0e34 elementor-widget elementor-widget-heading\" data-id=\"eda0e34\" data-element_type=\"widget\" data-e-type=\"widget\" data-widget_type=\"heading.default\">\n\t\t\t\t<div class=\"elementor-widget-container\">\n\t\t\t\t\t<h2 class=\"elementor-heading-title elementor-size-default\">Galer\u00eda de fotos\n\n\n\n\n\n\n\n\n\n<\/h2>\t\t\t\t<\/div>\n\t\t\t\t<\/div>\n\t\t\t\t<div class=\"elementor-element elementor-element-e29f105 elementor-skin-carousel elementor-arrows-yes elementor-widget elementor-widget-media-carousel\" data-id=\"e29f105\" data-element_type=\"widget\" data-e-type=\"widget\" data-settings=\"{&quot;slides_per_view&quot;:&quot;4&quot;,&quot;slides_to_scroll&quot;:&quot;1&quot;,&quot;autoplay_speed&quot;:2000,&quot;space_between&quot;:{&quot;unit&quot;:&quot;px&quot;,&quot;size&quot;:20,&quot;sizes&quot;:[]},&quot;skin&quot;:&quot;carousel&quot;,&quot;effect&quot;:&quot;slide&quot;,&quot;show_arrows&quot;:&quot;yes&quot;,&quot;speed&quot;:500,&quot;autoplay&quot;:&quot;yes&quot;,&quot;loop&quot;:&quot;yes&quot;,&quot;pause_on_hover&quot;:&quot;yes&quot;,&quot;pause_on_interaction&quot;:&quot;yes&quot;,&quot;space_between_tablet&quot;:{&quot;unit&quot;:&quot;px&quot;,&quot;size&quot;:10,&quot;sizes&quot;:[]},&quot;space_between_mobile&quot;:{&quot;unit&quot;:&quot;px&quot;,&quot;size&quot;:10,&quot;sizes&quot;:[]}}\" data-widget_type=\"media-carousel.default\">\n\t\t\t\t<div class=\"elementor-widget-container\">\n\t\t\t\t\t\t\t\t\t<div class=\"elementor-swiper\">\n\t\t\t\t\t<div class=\"elementor-main-swiper swiper\" role=\"region\" aria-roledescription=\"carousel\" aria-label=\"Diapositivas\">\n\t\t\t\t<div class=\"swiper-wrapper\">\n\t\t\t\t\t\t\t\t\t\t\t<div class=\"swiper-slide\" role=\"group\" aria-roledescription=\"slide\">\n\t\t\t\t\t\t\t<a href=\"http:\/\/chateau-de-batz.com\/wp-content\/uploads\/2024\/05\/cropped-Batz-33-scaled-1.jpg\" data-elementor-open-lightbox=\"yes\" data-elementor-lightbox-slideshow=\"e29f105\" data-e-action-hash=\"#elementor-action%3Aaction%3Dlightbox%26settings%3DeyJpZCI6MTMyNCwidXJsIjoiaHR0cHM6XC9cL2NoYXRlYXUtZGUtYmF0ei5jb21cL3dwLWNvbnRlbnRcL3VwbG9hZHNcLzIwMjRcLzA1XC9jcm9wcGVkLUJhdHotMzMtc2NhbGVkLTEuanBnIiwic2xpZGVzaG93IjoiZTI5ZjEwNSJ9\">\t\t<div class=\"elementor-carousel-image\" role=\"img\" aria-label=\"vista de dron 3\" style=\"background-image: url(&#039;https:\/\/chateau-de-batz.com\/wp-content\/uploads\/2024\/05\/cropped-Batz-33-scaled-1.jpg&#039;)\">\n\n\t\t\t\n\t\t\t\t\t<\/div>\n\t\t<\/a>\t\t\t\t\t\t<\/div>\n\t\t\t\t\t\t\t\t\t\t\t<div class=\"swiper-slide\" role=\"group\" aria-roledescription=\"slide\">\n\t\t\t\t\t\t\t<a href=\"http:\/\/chateau-de-batz.com\/wp-content\/uploads\/2024\/05\/Batz-28-scaled.jpg\" data-elementor-open-lightbox=\"yes\" data-elementor-lightbox-slideshow=\"e29f105\" data-e-action-hash=\"#elementor-action%3Aaction%3Dlightbox%26settings%3DeyJpZCI6MTI3MCwidXJsIjoiaHR0cHM6XC9cL2NoYXRlYXUtZGUtYmF0ei5jb21cL3dwLWNvbnRlbnRcL3VwbG9hZHNcLzIwMjRcLzA1XC9CYXR6LTI4LXNjYWxlZC5qcGciLCJzbGlkZXNob3ciOiJlMjlmMTA1In0%3D\">\t\t<div class=\"elementor-carousel-image\" role=\"img\" aria-label=\"caza 1\" style=\"background-image: url(&#039;https:\/\/chateau-de-batz.com\/wp-content\/uploads\/2024\/05\/Batz-28-scaled.jpg&#039;)\">\n\n\t\t\t\n\t\t\t\t\t<\/div>\n\t\t<\/a>\t\t\t\t\t\t<\/div>\n\t\t\t\t\t\t\t\t\t\t\t<div class=\"swiper-slide\" role=\"group\" aria-roledescription=\"slide\">\n\t\t\t\t\t\t\t<a href=\"http:\/\/chateau-de-batz.com\/wp-content\/uploads\/2024\/05\/Batz-31-scaled.jpg\" data-elementor-open-lightbox=\"yes\" data-elementor-lightbox-slideshow=\"e29f105\" data-e-action-hash=\"#elementor-action%3Aaction%3Dlightbox%26settings%3DeyJpZCI6MTI3MywidXJsIjoiaHR0cHM6XC9cL2NoYXRlYXUtZGUtYmF0ei5jb21cL3dwLWNvbnRlbnRcL3VwbG9hZHNcLzIwMjRcLzA1XC9CYXR6LTMxLXNjYWxlZC5qcGciLCJzbGlkZXNob3ciOiJlMjlmMTA1In0%3D\">\t\t<div class=\"elementor-carousel-image\" role=\"img\" aria-label=\"caballo 5\" style=\"background-image: url(&#039;https:\/\/chateau-de-batz.com\/wp-content\/uploads\/2024\/05\/Batz-31-scaled.jpg&#039;)\">\n\n\t\t\t\n\t\t\t\t\t<\/div>\n\t\t<\/a>\t\t\t\t\t\t<\/div>\n\t\t\t\t\t\t\t\t\t\t\t<div class=\"swiper-slide\" role=\"group\" aria-roledescription=\"slide\">\n\t\t\t\t\t\t\t<a href=\"http:\/\/chateau-de-batz.com\/wp-content\/uploads\/2024\/07\/IMG_7699.jpeg\" data-elementor-open-lightbox=\"yes\" data-elementor-lightbox-slideshow=\"e29f105\" data-e-action-hash=\"#elementor-action%3Aaction%3Dlightbox%26settings%3DeyJpZCI6MTYxNSwidXJsIjoiaHR0cHM6XC9cL2NoYXRlYXUtZGUtYmF0ei5jb21cL3dwLWNvbnRlbnRcL3VwbG9hZHNcLzIwMjRcLzA3XC9JTUdfNzY5OS5qcGVnIiwic2xpZGVzaG93IjoiZTI5ZjEwNSJ9\">\t\t<div class=\"elementor-carousel-image\" role=\"img\" aria-label=\"IMG_7699\" style=\"background-image: url(&#039;https:\/\/chateau-de-batz.com\/wp-content\/uploads\/2024\/07\/IMG_7699.jpeg&#039;)\">\n\n\t\t\t\n\t\t\t\t\t<\/div>\n\t\t<\/a>\t\t\t\t\t\t<\/div>\n\t\t\t\t\t\t\t\t\t\t\t<div class=\"swiper-slide\" role=\"group\" aria-roledescription=\"slide\">\n\t\t\t\t\t\t\t<a href=\"http:\/\/chateau-de-batz.com\/wp-content\/uploads\/2024\/07\/IMG_7698.jpeg\" data-elementor-open-lightbox=\"yes\" data-elementor-lightbox-slideshow=\"e29f105\" data-e-action-hash=\"#elementor-action%3Aaction%3Dlightbox%26settings%3DeyJpZCI6MTYxNCwidXJsIjoiaHR0cHM6XC9cL2NoYXRlYXUtZGUtYmF0ei5jb21cL3dwLWNvbnRlbnRcL3VwbG9hZHNcLzIwMjRcLzA3XC9JTUdfNzY5OC5qcGVnIiwic2xpZGVzaG93IjoiZTI5ZjEwNSJ9\">\t\t<div class=\"elementor-carousel-image\" role=\"img\" aria-label=\"vista al lago 3\" style=\"background-image: url(&#039;https:\/\/chateau-de-batz.com\/wp-content\/uploads\/2024\/07\/IMG_7698.jpeg&#039;)\">\n\n\t\t\t\n\t\t\t\t\t<\/div>\n\t\t<\/a>\t\t\t\t\t\t<\/div>\n\t\t\t\t\t\t\t\t\t\t\t<div class=\"swiper-slide\" role=\"group\" aria-roledescription=\"slide\">\n\t\t\t\t\t\t\t<a href=\"http:\/\/chateau-de-batz.com\/wp-content\/uploads\/2024\/07\/IMG_7679-scaled.jpeg\" data-elementor-open-lightbox=\"yes\" data-elementor-lightbox-slideshow=\"e29f105\" data-e-action-hash=\"#elementor-action%3Aaction%3Dlightbox%26settings%3DeyJpZCI6MTYwNywidXJsIjoiaHR0cHM6XC9cL2NoYXRlYXUtZGUtYmF0ei5jb21cL3dwLWNvbnRlbnRcL3VwbG9hZHNcLzIwMjRcLzA3XC9JTUdfNzY3OS1zY2FsZWQuanBlZyIsInNsaWRlc2hvdyI6ImUyOWYxMDUifQ%3D%3D\">\t\t<div class=\"elementor-carousel-image\" role=\"img\" aria-label=\"IMG_7679\" style=\"background-image: url(&#039;https:\/\/chateau-de-batz.com\/wp-content\/uploads\/2024\/07\/IMG_7679-scaled.jpeg&#039;)\">\n\n\t\t\t\n\t\t\t\t\t<\/div>\n\t\t<\/a>\t\t\t\t\t\t<\/div>\n\t\t\t\t\t\t\t\t\t\t\t<div class=\"swiper-slide\" role=\"group\" aria-roledescription=\"slide\">\n\t\t\t\t\t\t\t<a href=\"http:\/\/chateau-de-batz.com\/wp-content\/uploads\/2024\/07\/IMG_7625-scaled.jpeg\" data-elementor-open-lightbox=\"yes\" data-elementor-lightbox-slideshow=\"e29f105\" data-e-action-hash=\"#elementor-action%3Aaction%3Dlightbox%26settings%3DeyJpZCI6MTU1NSwidXJsIjoiaHR0cHM6XC9cL2NoYXRlYXUtZGUtYmF0ei5jb21cL3dwLWNvbnRlbnRcL3VwbG9hZHNcLzIwMjRcLzA3XC9JTUdfNzYyNS1zY2FsZWQuanBlZyIsInNsaWRlc2hvdyI6ImUyOWYxMDUifQ%3D%3D\">\t\t<div class=\"elementor-carousel-image\" role=\"img\" aria-label=\"vista al lago 1\" style=\"background-image: url(&#039;https:\/\/chateau-de-batz.com\/wp-content\/uploads\/2024\/07\/IMG_7625-scaled.jpeg&#039;)\">\n\n\t\t\t\n\t\t\t\t\t<\/div>\n\t\t<\/a>\t\t\t\t\t\t<\/div>\n\t\t\t\t\t\t\t\t\t\t\t<div class=\"swiper-slide\" role=\"group\" aria-roledescription=\"slide\">\n\t\t\t\t\t\t\t<a href=\"http:\/\/chateau-de-batz.com\/wp-content\/uploads\/2024\/07\/IMG_7619-scaled.jpeg\" data-elementor-open-lightbox=\"yes\" data-elementor-lightbox-slideshow=\"e29f105\" data-e-action-hash=\"#elementor-action%3Aaction%3Dlightbox%26settings%3DeyJpZCI6MTU1MSwidXJsIjoiaHR0cHM6XC9cL2NoYXRlYXUtZGUtYmF0ei5jb21cL3dwLWNvbnRlbnRcL3VwbG9hZHNcLzIwMjRcLzA3XC9JTUdfNzYxOS1zY2FsZWQuanBlZyIsInNsaWRlc2hvdyI6ImUyOWYxMDUifQ%3D%3D\">\t\t<div class=\"elementor-carousel-image\" role=\"img\" aria-label=\"IMG_7619\" style=\"background-image: url(&#039;https:\/\/chateau-de-batz.com\/wp-content\/uploads\/2024\/07\/IMG_7619-scaled.jpeg&#039;)\">\n\n\t\t\t\n\t\t\t\t\t<\/div>\n\t\t<\/a>\t\t\t\t\t\t<\/div>\n\t\t\t\t\t\t\t\t\t\t\t<div class=\"swiper-slide\" role=\"group\" aria-roledescription=\"slide\">\n\t\t\t\t\t\t\t<a href=\"http:\/\/chateau-de-batz.com\/wp-content\/uploads\/2024\/07\/IMG_7586-scaled.jpeg\" data-elementor-open-lightbox=\"yes\" data-elementor-lightbox-slideshow=\"e29f105\" data-e-action-hash=\"#elementor-action%3Aaction%3Dlightbox%26settings%3DeyJpZCI6MTU0NSwidXJsIjoiaHR0cHM6XC9cL2NoYXRlYXUtZGUtYmF0ei5jb21cL3dwLWNvbnRlbnRcL3VwbG9hZHNcLzIwMjRcLzA3XC9JTUdfNzU4Ni1zY2FsZWQuanBlZyIsInNsaWRlc2hvdyI6ImUyOWYxMDUifQ%3D%3D\">\t\t<div class=\"elementor-carousel-image\" role=\"img\" aria-label=\"vista piscina 1\" style=\"background-image: url(&#039;https:\/\/chateau-de-batz.com\/wp-content\/uploads\/2024\/07\/IMG_7586-scaled.jpeg&#039;)\">\n\n\t\t\t\n\t\t\t\t\t<\/div>\n\t\t<\/a>\t\t\t\t\t\t<\/div>\n\t\t\t\t\t\t\t\t\t\t\t<div class=\"swiper-slide\" role=\"group\" aria-roledescription=\"slide\">\n\t\t\t\t\t\t\t<a href=\"http:\/\/chateau-de-batz.com\/wp-content\/uploads\/2024\/07\/IMG_7584-scaled.jpeg\" data-elementor-open-lightbox=\"yes\" data-elementor-lightbox-slideshow=\"e29f105\" data-e-action-hash=\"#elementor-action%3Aaction%3Dlightbox%26settings%3DeyJpZCI6MTU0MywidXJsIjoiaHR0cHM6XC9cL2NoYXRlYXUtZGUtYmF0ei5jb21cL3dwLWNvbnRlbnRcL3VwbG9hZHNcLzIwMjRcLzA3XC9JTUdfNzU4NC1zY2FsZWQuanBlZyIsInNsaWRlc2hvdyI6ImUyOWYxMDUifQ%3D%3D\">\t\t<div class=\"elementor-carousel-image\" role=\"img\" aria-label=\"terraza sur\" style=\"background-image: url(&#039;https:\/\/chateau-de-batz.com\/wp-content\/uploads\/2024\/07\/IMG_7584-scaled.jpeg&#039;)\">\n\n\t\t\t\n\t\t\t\t\t<\/div>\n\t\t<\/a>\t\t\t\t\t\t<\/div>\n\t\t\t\t\t\t\t\t\t<\/div>\n\t\t\t\t\t\t\t\t\t\t\t\t\t\t\t<div class=\"elementor-swiper-button elementor-swiper-button-prev\" role=\"button\" tabindex=\"0\" aria-label=\"Anterior\" data-no-translation-aria-label=\"\">\n\t\t\t\t\t\t\t<i aria-hidden=\"true\" class=\"eicon-chevron-left\"><\/i>\t\t\t\t\t\t<\/div>\n\t\t\t\t\t\t<div class=\"elementor-swiper-button elementor-swiper-button-next\" role=\"button\" tabindex=\"0\" aria-label=\"Siguiente\" data-no-translation-aria-label=\"\">\n\t\t\t\t\t\t\t<i aria-hidden=\"true\" class=\"eicon-chevron-right\"><\/i>\t\t\t\t\t\t<\/div>\n\t\t\t\t\t\t\t\t\t\t\t\t\t\t\t\t\t<\/div>\n\t\t\t\t<\/div>\n\t\t\t\t\t\t\t\t<\/div>\n\t\t\t\t<\/div>\n\t\t\t\t<\/div>\n\t\t\t\t<\/div>\n\t\t\t\t<\/div>","protected":false},"excerpt":{"rendered":"<p>Batz \u00e0 travers les si\u00e8cles : un ch\u00e2teau pr\u00e9serv\u00e9 par des femmes de caract\u00e8re On trouve la trace d\u2019une tour de guet carr\u00e9e sur le lieu-dit de Batz d\u00e8s le 13\u00e8me si\u00e8cle. Qui de la tour ou du village \u00ab\u00a0Castillon-Debats\u00a0\u00bb dont l\u2019orthographe fluctue au cours des si\u00e8cles, fut le premier, on l\u2019ignore. Il fut le [&hellip;]<\/p>\n","protected":false},"author":2,"featured_media":0,"parent":0,"menu_order":0,"comment_status":"closed","ping_status":"closed","template":"elementor_header_footer","meta":{"footnotes":""},"class_list":["post-1716","page","type-page","status-publish","hentry"],"yoast_head":"<!-- This site is optimized with the Yoast SEO plugin v27.4 - https:\/\/yoast.com\/product\/yoast-seo-wordpress\/ -->\n<title>Notre domaine - Ch\u00e2teau de Batz - Chambres d&#039;h\u00f4tes<\/title>\n<meta name=\"robots\" content=\"index, follow, max-snippet:-1, max-image-preview:large, max-video-preview:-1\" \/>\n<link rel=\"canonical\" href=\"https:\/\/chateau-de-batz.com\/es\/nuestro-dominio\/\" \/>\n<meta property=\"og:locale\" content=\"es_ES\" \/>\n<meta property=\"og:type\" content=\"article\" \/>\n<meta property=\"og:title\" content=\"Notre domaine - Ch\u00e2teau de Batz - Chambres d&#039;h\u00f4tes\" \/>\n<meta property=\"og:description\" content=\"Batz \u00e0 travers les si\u00e8cles : un ch\u00e2teau pr\u00e9serv\u00e9 par des femmes de caract\u00e8re On trouve la trace d\u2019une tour de guet carr\u00e9e sur le lieu-dit de Batz d\u00e8s le 13\u00e8me si\u00e8cle. Qui de la tour ou du village \u00ab\u00a0Castillon-Debats\u00a0\u00bb dont l\u2019orthographe fluctue au cours des si\u00e8cles, fut le premier, on l\u2019ignore. Il fut le [&hellip;]\" \/>\n<meta property=\"og:url\" content=\"https:\/\/chateau-de-batz.com\/es\/nuestro-dominio\/\" \/>\n<meta property=\"og:site_name\" content=\"Ch\u00e2teau de Batz - Chambres d&#039;h\u00f4tes\" \/>\n<meta property=\"article:modified_time\" content=\"2024-09-21T11:32:51+00:00\" \/>\n<meta property=\"og:image\" content=\"https:\/\/chateau-de-batz.com\/wp-content\/uploads\/2024\/07\/IMG_7622-scaled.jpeg\" \/>\n<meta name=\"twitter:card\" content=\"summary_large_image\" \/>\n<meta name=\"twitter:label1\" content=\"Tiempo de lectura\" \/>\n\t<meta name=\"twitter:data1\" content=\"2 minutos\" \/>\n<script type=\"application\/ld+json\" class=\"yoast-schema-graph\">{\"@context\":\"https:\\\/\\\/schema.org\",\"@graph\":[{\"@type\":\"WebPage\",\"@id\":\"https:\\\/\\\/chateau-de-batz.com\\\/notre-domaine\\\/\",\"url\":\"https:\\\/\\\/chateau-de-batz.com\\\/notre-domaine\\\/\",\"name\":\"Notre domaine - Ch\u00e2teau de Batz - Chambres d&#039;h\u00f4tes\",\"isPartOf\":{\"@id\":\"https:\\\/\\\/chateau-de-batz.com\\\/#website\"},\"primaryImageOfPage\":{\"@id\":\"https:\\\/\\\/chateau-de-batz.com\\\/notre-domaine\\\/#primaryimage\"},\"image\":{\"@id\":\"https:\\\/\\\/chateau-de-batz.com\\\/notre-domaine\\\/#primaryimage\"},\"thumbnailUrl\":\"https:\\\/\\\/chateau-de-batz.com\\\/wp-content\\\/uploads\\\/2024\\\/07\\\/IMG_7622-scaled.jpeg\",\"datePublished\":\"2024-08-24T12:50:49+00:00\",\"dateModified\":\"2024-09-21T11:32:51+00:00\",\"breadcrumb\":{\"@id\":\"https:\\\/\\\/chateau-de-batz.com\\\/notre-domaine\\\/#breadcrumb\"},\"inLanguage\":\"es\",\"potentialAction\":[{\"@type\":\"ReadAction\",\"target\":[\"https:\\\/\\\/chateau-de-batz.com\\\/notre-domaine\\\/\"]}]},{\"@type\":\"ImageObject\",\"inLanguage\":\"es\",\"@id\":\"https:\\\/\\\/chateau-de-batz.com\\\/notre-domaine\\\/#primaryimage\",\"url\":\"https:\\\/\\\/chateau-de-batz.com\\\/wp-content\\\/uploads\\\/2024\\\/07\\\/IMG_7622-scaled.jpeg\",\"contentUrl\":\"https:\\\/\\\/chateau-de-batz.com\\\/wp-content\\\/uploads\\\/2024\\\/07\\\/IMG_7622-scaled.jpeg\"},{\"@type\":\"BreadcrumbList\",\"@id\":\"https:\\\/\\\/chateau-de-batz.com\\\/notre-domaine\\\/#breadcrumb\",\"itemListElement\":[{\"@type\":\"ListItem\",\"position\":1,\"name\":\"Home\",\"item\":\"https:\\\/\\\/chateau-de-batz.com\\\/\"},{\"@type\":\"ListItem\",\"position\":2,\"name\":\"Notre domaine\"}]},{\"@type\":\"WebSite\",\"@id\":\"https:\\\/\\\/chateau-de-batz.com\\\/#website\",\"url\":\"https:\\\/\\\/chateau-de-batz.com\\\/\",\"name\":\"Ch\u00e2teau de Batz - Chambres d&#039;h\u00f4tes\",\"description\":\"Le ch\u00e2teau qui vit au rythme de vos passions\",\"publisher\":{\"@id\":\"https:\\\/\\\/chateau-de-batz.com\\\/#organization\"},\"potentialAction\":[{\"@type\":\"SearchAction\",\"target\":{\"@type\":\"EntryPoint\",\"urlTemplate\":\"https:\\\/\\\/chateau-de-batz.com\\\/?s={search_term_string}\"},\"query-input\":{\"@type\":\"PropertyValueSpecification\",\"valueRequired\":true,\"valueName\":\"search_term_string\"}}],\"inLanguage\":\"es\"},{\"@type\":\"Organization\",\"@id\":\"https:\\\/\\\/chateau-de-batz.com\\\/#organization\",\"name\":\"Ch\u00e2teau de Batz - Chambres d&#039;h\u00f4tes\",\"url\":\"https:\\\/\\\/chateau-de-batz.com\\\/\",\"logo\":{\"@type\":\"ImageObject\",\"inLanguage\":\"es\",\"@id\":\"https:\\\/\\\/chateau-de-batz.com\\\/#\\\/schema\\\/logo\\\/image\\\/\",\"url\":\"https:\\\/\\\/chateau-de-batz.com\\\/wp-content\\\/uploads\\\/2024\\\/03\\\/cropped-cropped-logo_vectorise_chateau_de_batz-removebg-highdef-2.png\",\"contentUrl\":\"https:\\\/\\\/chateau-de-batz.com\\\/wp-content\\\/uploads\\\/2024\\\/03\\\/cropped-cropped-logo_vectorise_chateau_de_batz-removebg-highdef-2.png\",\"width\":1280,\"height\":1250,\"caption\":\"Ch\u00e2teau de Batz - Chambres d&#039;h\u00f4tes\"},\"image\":{\"@id\":\"https:\\\/\\\/chateau-de-batz.com\\\/#\\\/schema\\\/logo\\\/image\\\/\"}}]}<\/script>\n<!-- \/ Yoast SEO plugin. -->","yoast_head_json":{"title":"Nuestra propiedad - Ch\u00e2teau de Batz - Habitaciones de hu\u00e9spedes","robots":{"index":"index","follow":"follow","max-snippet":"max-snippet:-1","max-image-preview":"max-image-preview:large","max-video-preview":"max-video-preview:-1"},"canonical":"https:\/\/chateau-de-batz.com\/es\/nuestro-dominio\/","og_locale":"es_ES","og_type":"article","og_title":"Notre domaine - Ch\u00e2teau de Batz - Chambres d&#039;h\u00f4tes","og_description":"Batz \u00e0 travers les si\u00e8cles : un ch\u00e2teau pr\u00e9serv\u00e9 par des femmes de caract\u00e8re On trouve la trace d\u2019une tour de guet carr\u00e9e sur le lieu-dit de Batz d\u00e8s le 13\u00e8me si\u00e8cle. Qui de la tour ou du village \u00ab\u00a0Castillon-Debats\u00a0\u00bb dont l\u2019orthographe fluctue au cours des si\u00e8cles, fut le premier, on l\u2019ignore. Il fut le [&hellip;]","og_url":"https:\/\/chateau-de-batz.com\/es\/nuestro-dominio\/","og_site_name":"Ch\u00e2teau de Batz - Chambres d&#039;h\u00f4tes","article_modified_time":"2024-09-21T11:32:51+00:00","og_image":[{"url":"https:\/\/chateau-de-batz.com\/wp-content\/uploads\/2024\/07\/IMG_7622-scaled.jpeg","type":"","width":"","height":""}],"twitter_card":"summary_large_image","twitter_misc":{"Tiempo de lectura":"2 minutos"},"schema":{"@context":"https:\/\/schema.org","@graph":[{"@type":"WebPage","@id":"https:\/\/chateau-de-batz.com\/notre-domaine\/","url":"https:\/\/chateau-de-batz.com\/notre-domaine\/","name":"Nuestra propiedad - Ch\u00e2teau de Batz - Habitaciones de hu\u00e9spedes","isPartOf":{"@id":"https:\/\/chateau-de-batz.com\/#website"},"primaryImageOfPage":{"@id":"https:\/\/chateau-de-batz.com\/notre-domaine\/#primaryimage"},"image":{"@id":"https:\/\/chateau-de-batz.com\/notre-domaine\/#primaryimage"},"thumbnailUrl":"https:\/\/chateau-de-batz.com\/wp-content\/uploads\/2024\/07\/IMG_7622-scaled.jpeg","datePublished":"2024-08-24T12:50:49+00:00","dateModified":"2024-09-21T11:32:51+00:00","breadcrumb":{"@id":"https:\/\/chateau-de-batz.com\/notre-domaine\/#breadcrumb"},"inLanguage":"es","potentialAction":[{"@type":"ReadAction","target":["https:\/\/chateau-de-batz.com\/notre-domaine\/"]}]},{"@type":"ImageObject","inLanguage":"es","@id":"https:\/\/chateau-de-batz.com\/notre-domaine\/#primaryimage","url":"https:\/\/chateau-de-batz.com\/wp-content\/uploads\/2024\/07\/IMG_7622-scaled.jpeg","contentUrl":"https:\/\/chateau-de-batz.com\/wp-content\/uploads\/2024\/07\/IMG_7622-scaled.jpeg"},{"@type":"BreadcrumbList","@id":"https:\/\/chateau-de-batz.com\/notre-domaine\/#breadcrumb","itemListElement":[{"@type":"ListItem","position":1,"name":"Home","item":"https:\/\/chateau-de-batz.com\/"},{"@type":"ListItem","position":2,"name":"Notre domaine"}]},{"@type":"WebSite","@id":"https:\/\/chateau-de-batz.com\/#website","url":"https:\/\/chateau-de-batz.com\/","name":"Ch\u00e2teau de Batz - Alojamiento y desayuno","description":"El castillo que vive al ritmo de tus pasiones","publisher":{"@id":"https:\/\/chateau-de-batz.com\/#organization"},"potentialAction":[{"@type":"SearchAction","target":{"@type":"EntryPoint","urlTemplate":"https:\/\/chateau-de-batz.com\/?s={search_term_string}"},"query-input":{"@type":"PropertyValueSpecification","valueRequired":true,"valueName":"search_term_string"}}],"inLanguage":"es"},{"@type":"Organization","@id":"https:\/\/chateau-de-batz.com\/#organization","name":"Ch\u00e2teau de Batz - Alojamiento y desayuno","url":"https:\/\/chateau-de-batz.com\/","logo":{"@type":"ImageObject","inLanguage":"es","@id":"https:\/\/chateau-de-batz.com\/#\/schema\/logo\/image\/","url":"https:\/\/chateau-de-batz.com\/wp-content\/uploads\/2024\/03\/cropped-cropped-logo_vectorise_chateau_de_batz-removebg-highdef-2.png","contentUrl":"https:\/\/chateau-de-batz.com\/wp-content\/uploads\/2024\/03\/cropped-cropped-logo_vectorise_chateau_de_batz-removebg-highdef-2.png","width":1280,"height":1250,"caption":"Ch\u00e2teau de Batz - Chambres d&#039;h\u00f4tes"},"image":{"@id":"https:\/\/chateau-de-batz.com\/#\/schema\/logo\/image\/"}}]}},"_links":{"self":[{"href":"https:\/\/chateau-de-batz.com\/es\/wp-json\/wp\/v2\/pages\/1716","targetHints":{"allow":["GET"]}}],"collection":[{"href":"https:\/\/chateau-de-batz.com\/es\/wp-json\/wp\/v2\/pages"}],"about":[{"href":"https:\/\/chateau-de-batz.com\/es\/wp-json\/wp\/v2\/types\/page"}],"author":[{"embeddable":true,"href":"https:\/\/chateau-de-batz.com\/es\/wp-json\/wp\/v2\/users\/2"}],"replies":[{"embeddable":true,"href":"https:\/\/chateau-de-batz.com\/es\/wp-json\/wp\/v2\/comments?post=1716"}],"version-history":[{"count":49,"href":"https:\/\/chateau-de-batz.com\/es\/wp-json\/wp\/v2\/pages\/1716\/revisions"}],"predecessor-version":[{"id":2451,"href":"https:\/\/chateau-de-batz.com\/es\/wp-json\/wp\/v2\/pages\/1716\/revisions\/2451"}],"wp:attachment":[{"href":"https:\/\/chateau-de-batz.com\/es\/wp-json\/wp\/v2\/media?parent=1716"}],"curies":[{"name":"wp","href":"https:\/\/api.w.org\/{rel}","templated":true}]}}